{"id":1073,"date":"2020-12-20T12:39:14","date_gmt":"2020-12-20T09:39:14","guid":{"rendered":"http:\/\/www.aydiner.gen.tr\/?page_id=1073"},"modified":"2020-12-20T12:39:14","modified_gmt":"2020-12-20T09:39:14","slug":"python-nedir","status":"publish","type":"page","link":"https:\/\/www.aydiner.gen.tr\/index.php\/python-nedir\/","title":{"rendered":"Python Nedir ?"},"content":{"rendered":"<p><strong><a href=\"https:\/\/www.aydiner.gen.tr\/wp-content\/uploads\/2020\/12\/Python-Nedir-Nerelerde-Kullanilir.png\"><img loading=\"lazy\" decoding=\"async\" class=\"alignleft size-medium wp-image-1071\" src=\"https:\/\/www.aydiner.gen.tr\/wp-content\/uploads\/2020\/12\/Python-Nedir-Nerelerde-Kullanilir-300x159.png\" alt=\"\" width=\"300\" height=\"159\" srcset=\"https:\/\/www.aydiner.gen.tr\/wp-content\/uploads\/2020\/12\/Python-Nedir-Nerelerde-Kullanilir-300x159.png 300w, https:\/\/www.aydiner.gen.tr\/wp-content\/uploads\/2020\/12\/Python-Nedir-Nerelerde-Kullanilir-600x318.png 600w, https:\/\/www.aydiner.gen.tr\/wp-content\/uploads\/2020\/12\/Python-Nedir-Nerelerde-Kullanilir-390x205.png 390w, https:\/\/www.aydiner.gen.tr\/wp-content\/uploads\/2020\/12\/Python-Nedir-Nerelerde-Kullanilir.png 707w\" sizes=\"auto, (max-width: 300px) 100vw, 300px\" \/><\/a>Python\u00a0<\/strong>1990 y\u0131llar\u0131nda geli\u015ftirilmeye ba\u015flanan\u00a0<strong>\u00f6\u011frenmesi kolay<\/strong>,\u00a0<strong>zevkli\u00a0<\/strong>ve son zamanlar\u0131n\u00a0<strong>en pop\u00fcler programlama dillerindendir.<\/strong><\/p>\n<p><strong>Python\u00a0<\/strong>nesne tabanl\u0131, zengin mod\u00fcller i\u00e7eren mod\u00fcler yap\u0131da\u00a0y\u00fcksek seviyeli bir dildir.<\/p>\n<p>&nbsp;<\/p>\n","protected":false},"excerpt":{"rendered":"<p>Python\u00a01990 y\u0131llar\u0131nda geli\u015ftirilmeye ba\u015flanan\u00a0\u00f6\u011frenmesi kolay,\u00a0zevkli\u00a0ve son zamanlar\u0131n\u00a0en pop\u00fcler programlama dillerindendir. Python\u00a0nesne tabanl\u0131, zengin mod\u00fcller i\u00e7eren mod\u00fcler yap\u0131da\u00a0y\u00fcksek seviyeli bir dildir. [&hellip;]<\/p>\n","protected":false},"author":1,"featured_media":0,"parent":0,"menu_order":0,"comment_status":"closed","ping_status":"closed","template":"","meta":{"footnotes":""},"class_list":["post-1073","page","type-page","status-publish","hentry"],"_links":{"self":[{"href":"https:\/\/www.aydiner.gen.tr\/index.php\/wp-json\/wp\/v2\/pages\/1073","targetHints":{"allow":["GET"]}}],"collection":[{"href":"https:\/\/www.aydiner.gen.tr\/index.php\/wp-json\/wp\/v2\/pages"}],"about":[{"href":"https:\/\/www.aydiner.gen.tr\/index.php\/wp-json\/wp\/v2\/types\/page"}],"author":[{"embeddable":true,"href":"https:\/\/www.aydiner.gen.tr\/index.php\/wp-json\/wp\/v2\/users\/1"}],"replies":[{"embeddable":true,"href":"https:\/\/www.aydiner.gen.tr\/index.php\/wp-json\/wp\/v2\/comments?post=1073"}],"version-history":[{"count":0,"href":"https:\/\/www.aydiner.gen.tr\/index.php\/wp-json\/wp\/v2\/pages\/1073\/revisions"}],"wp:attachment":[{"href":"https:\/\/www.aydiner.gen.tr\/index.php\/wp-json\/wp\/v2\/media?parent=1073"}],"curies":[{"name":"wp","href":"https:\/\/api.w.org\/{rel}","templated":true}]}}