{"id":485,"date":"2018-12-23T22:26:19","date_gmt":"2018-12-23T19:26:19","guid":{"rendered":"http:\/\/www.aydiner.gen.tr\/?page_id=485"},"modified":"2019-11-27T14:26:54","modified_gmt":"2019-11-27T11:26:54","slug":"moduller","status":"publish","type":"page","link":"https:\/\/www.aydiner.gen.tr\/index.php\/moduller\/","title":{"rendered":"MOD\u00dcLLER"},"content":{"rendered":"<table border=\"0\" width=\"720\" cellspacing=\"5\" cellpadding=\"0\">\n<tbody>\n<tr>\n<td><strong>MOD\u00dcLLER<\/strong><\/td>\n<\/tr>\n<tr>\n<td>\n<table id=\"tearshape2\" border=\"0.5\" width=\"715\" cellspacing=\"0\" cellpadding=\"2\">\n<tbody>\n<tr>\n<td align=\"center\" valign=\"middle\" width=\"121\" height=\"176\"><a href=\"http:\/\/www.robotiksistem.com\/arduino_l293d_motor_surucu_shield.html\" target=\"_self\" rel=\"noopener noreferrer\"><img loading=\"lazy\" decoding=\"async\" src=\"http:\/\/www.robotiksistem.com\/arduino_l293d_motor_surucu_shield_1.jpg\" alt=\"Arduino L293D Motor S\u00fcr\u00fcc\u00fc Shield\" width=\"175\" height=\"145\" border=\"0\" \/><\/a><\/td>\n<td valign=\"top\" width=\"461\"><span class=\"style2\">Arduino L293D Motor S\u00fcr\u00fcc\u00fc Shield\u00a0<\/span><br \/>\n<span class=\"style3\">* L293D motor s\u00fcr\u00fcc\u00fc shield, Arduino Uno, Mega, Diecimila ve Duemilanove ile uyumludur.<br \/>\n* L293D Arduino uyumlu motor s\u00fcr\u00fcc\u00fc shield i\u00e7inde 2 adet L293D motor s\u00fcr\u00fcc\u00fc entegresi ve bir adet 74HC595 de\u011fi\u015ftirici register bulunan bir motor s\u00fcr\u00fcc\u00fc kart\u0131d\u0131r.\u00a0<\/span><\/td>\n<td valign=\"middle\" width=\"130\"><\/td>\n<\/tr>\n<\/tbody>\n<\/table>\n<\/td>\n<\/tr>\n<tr>\n<td>\n<table id=\"tearshape2\" border=\"0.5\" width=\"715\" cellspacing=\"0\" cellpadding=\"2\">\n<tbody>\n<tr>\n<td align=\"center\" valign=\"middle\" width=\"121\" height=\"104\"><img loading=\"lazy\" decoding=\"async\" src=\"http:\/\/www.robotiksistem.com\/L298n_motor_surucu_board.JPG\" alt=\"L298N Motor S\u00fcr\u00fcc\u00fc Board \" width=\"175\" height=\"172\" border=\"0\" \/><\/td>\n<td valign=\"top\" width=\"461\"><span class=\"style2\">L298N Motor S\u00fcr\u00fcc\u00fc Board\u00a0<\/span><br \/>\n<span class=\"style3\">* Step motor veya DC motor s\u00fcrmek i\u00e7in kullan\u0131labilir.<br \/>\n* Arduino, PIC, ve benzeri platformlar ile kullan\u0131m\u0131 m\u00fcmk\u00fcnd\u00fcr<\/span><\/td>\n<td valign=\"middle\" width=\"130\"><\/td>\n<\/tr>\n<\/tbody>\n<\/table>\n<\/td>\n<\/tr>\n<tr>\n<td>\n<table id=\"tearshape2\" border=\"0.5\" width=\"715\" cellspacing=\"0\" cellpadding=\"2\">\n<tbody>\n<tr>\n<td width=\"121\" height=\"137\">\n<div align=\"center\"><img loading=\"lazy\" decoding=\"async\" src=\"http:\/\/www.robotiksistem.com\/hcsr04_ultrasonik_1.jpg\" alt=\"HC-SR04 Ultrasonik Sens\u00f6r\" width=\"175\" height=\"145\" align=\"left\" border=\"0\" \/><\/div>\n<\/td>\n<td valign=\"top\" width=\"461\"><span class=\"style2\">HC-SR04 Ultrasonik Mesafe Sens\u00f6r\u00fc<\/span><br \/>\n<span class=\"style3\">* Mesafe \u00f6l\u00e7\u00fcm\u00fc i\u00e7in ve robot projelerinde kullan\u0131labilir.<br \/>\n* 2 cm ile 400 cm aras\u0131nde mesafe \u00f6l\u00e7\u00fcm\u00fc yapabilir.<br \/>\n* \u00d6l\u00e7\u00fcm hassasiyeti 3 mm dir<\/span><\/td>\n<td valign=\"middle\" width=\"130\"><\/td>\n<\/tr>\n<\/tbody>\n<\/table>\n<\/td>\n<\/tr>\n<tr>\n<td>\n<table id=\"tearshape2\" border=\"0.5\" width=\"715\" cellspacing=\"0\" cellpadding=\"2\">\n<tbody>\n<tr>\n<td width=\"121\" height=\"137\">\n<div align=\"center\"><img loading=\"lazy\" decoding=\"async\" src=\"http:\/\/www.robotiksistem.com\/tcrt5000_uclu_cizgi_sensoru_modulu_1.JPG\" alt=\"TCRT5000 \u00dc\u00e7 Sens\u00f6rl\u00fc \u00c7izgi Sens\u00f6r\u00fc Mod\u00fcl\u00fc \" width=\"175\" height=\"145\" align=\"left\" border=\"0\" \/><\/div>\n<\/td>\n<td valign=\"top\" width=\"461\">TCRT5000 \u00dc\u00e7 Sens\u00f6rl\u00fc \u00c7izgi Sens\u00f6r\u00fc Mod\u00fcl\u00fc<br \/>\n<span class=\"style3\">* \u00c7izgi izleyen robotlarda kullan\u0131ma uygun bir sens\u00f6r mod\u00fcl\u00fcd\u00fcr.<br \/>\n* Arduino ile kullan\u0131ma uygundur<\/span><\/td>\n<td valign=\"middle\" width=\"120\"><\/td>\n<\/tr>\n<\/tbody>\n<\/table>\n<\/td>\n<\/tr>\n<tr>\n<td>\n<table id=\"tearshape2\" border=\"0.5\" width=\"715\" cellspacing=\"0\" cellpadding=\"2\">\n<tbody>\n<tr>\n<td width=\"121\" height=\"137\">\n<div align=\"center\"><img loading=\"lazy\" decoding=\"async\" src=\"http:\/\/www.robotiksistem.com\/ldr_isik_sensoru_1.JPG\" alt=\"LDR I\u015f\u0131k Sens\u00f6r\u00fc Mod\u00fcl\u00fc\" width=\"175\" height=\"145\" align=\"left\" border=\"0\" \/><\/div>\n<\/td>\n<td valign=\"top\" width=\"461\"><span class=\"style2\">LDR I\u015f\u0131k Sens\u00f6r\u00fc Mod\u00fcl\u00fc\u00a0<\/span><br \/>\n<span class=\"style3\">* I\u015f\u0131k izleyen robotlarda ve \u0131\u015f\u0131k alg\u0131lamas\u0131 gerektiren \u00e7e\u015fitli projelerde kullan\u0131labilir.<br \/>\n* Dijital \u00e7\u0131k\u0131\u015fl\u0131d\u0131r.<\/span><\/td>\n<td valign=\"middle\" width=\"130\"><\/td>\n<\/tr>\n<\/tbody>\n<\/table>\n<\/td>\n<\/tr>\n<tr>\n<td>\n<table id=\"tearshape2\" border=\"0.5\" width=\"715\" cellspacing=\"0\" cellpadding=\"2\">\n<tbody>\n<tr>\n<td width=\"150\" height=\"129\">\n<div align=\"center\"><img loading=\"lazy\" decoding=\"async\" src=\"http:\/\/www.robotiksistem.com\/voltmetreli_ayarlanabilir_voltaj_regulator_modulu_1.JPG\" alt=\"LM2577 Ayarlanabilir Step Up Voltaj Reg\u00fclat\u00f6r\u00fc\" width=\"175\" height=\"145\" border=\"0\" \/><\/div>\n<\/td>\n<td valign=\"top\" width=\"427\"><span class=\"style2\">Voltmetreli Ayarlanabilir Step Down Voltaj Reg\u00fclat\u00f6r Mod\u00fcl\u00fc\u00a0<\/span><br \/>\n<span class=\"style3\">* LM2596 voltaj reg\u00fcle entegresi ile haz\u0131rlanm\u0131\u015f bir DC &#8211; DC<br \/>\nayarlanabilir voltaj d\u00fc\u015f\u00fcr\u00fcc\u00fc reg\u00fclat\u00f6r kart\u0131d\u0131r.<br \/>\n* Giri\u015f ve \u00e7\u0131k\u0131\u015f gerilimi 7 segment display \u00fczerinde g\u00f6sterilebilir.<\/span><\/td>\n<td valign=\"middle\" width=\"124\"><\/td>\n<\/tr>\n<\/tbody>\n<\/table>\n<\/td>\n<\/tr>\n<tr>\n<td>\n<table id=\"tearshape2\" border=\"0.5\" width=\"715\" cellspacing=\"0\" cellpadding=\"2\">\n<tbody>\n<tr>\n<td width=\"121\" height=\"137\">\n<div align=\"center\"><img loading=\"lazy\" decoding=\"async\" src=\"http:\/\/www.robotiksistem.com\/alev_sensoru_1.JPG\" alt=\"Alev Sens\u00f6r\u00fc Mod\u00fcl\u00fc\" width=\"175\" height=\"145\" align=\"left\" border=\"0\" \/><\/div>\n<\/td>\n<td valign=\"top\" width=\"461\"><span class=\"style2\">Alev Sens\u00f6r\u00fc Mod\u00fcl\u00fc\u00a0<\/span><br \/>\n<span class=\"style3\">* Yang\u0131n s\u00f6nd\u00fcren robot projelerinde kullan\u0131labilen, Arduino kartlar ile uyumlu bir alev sens\u00f6r\u00fc mod\u00fcl\u00fcd\u00fcr.<br \/>\n* Dijital \u00e7\u0131k\u0131\u015fl\u0131d\u0131r.<\/span><\/td>\n<td valign=\"middle\" width=\"130\"><\/td>\n<\/tr>\n<\/tbody>\n<\/table>\n<\/td>\n<\/tr>\n<tr>\n<td>\n<table id=\"tearshape2\" border=\"0.5\" width=\"715\" cellspacing=\"0\" cellpadding=\"2\">\n<tbody>\n<tr>\n<td width=\"121\" height=\"154\">\n<div align=\"center\"><img loading=\"lazy\" decoding=\"async\" src=\"http:\/\/www.robotiksistem.com\/arduino_uno_rfid_egitim_seti_1.jpg\" alt=\"Arduino Uno RFID Seti\" width=\"175\" height=\"145\" border=\"0\" \/><\/div>\n<\/td>\n<td valign=\"top\" width=\"461\"><span class=\"style2\">Arduino Uno RFID Seti\u00a0<\/span><br \/>\n<span class=\"style148\">\u00dcr\u00fcn Kodu : AR-RFID<br \/>\n<\/span><br \/>\n<span class=\"style3\">* Arduino Uno RFID (Radio Frequency Identification &#8211; Radyo Frekans\u0131 Tan\u0131mlama) Seti i\u00e7erisinde, Arduino \u00f6\u011frenmeye ba\u015flamak ve \u00e7e\u015fitli uygulamalar ile kendinizi geli\u015ftirmek i\u00e7in gerekli bir \u00e7ok malzeme bir arada bulunmaktad\u0131r.<br \/>\n* Arduino Uno RFID seti \u00f6zel kutusu i\u00e7inde g\u00f6nderilmektedir.\u00a0<\/span><\/td>\n<\/tr>\n<\/tbody>\n<\/table>\n<\/td>\n<\/tr>\n<\/tbody>\n<\/table>\n","protected":false},"excerpt":{"rendered":"<p>MOD\u00dcLLER Arduino L293D Motor S\u00fcr\u00fcc\u00fc Shield\u00a0 * L293D motor s\u00fcr\u00fcc\u00fc shield, Arduino Uno, Mega, Diecimila ve Duemilanove ile uyumludur. * [&hellip;]<\/p>\n","protected":false},"author":1,"featured_media":0,"parent":0,"menu_order":0,"comment_status":"closed","ping_status":"closed","template":"","meta":{"footnotes":""},"class_list":["post-485","page","type-page","status-publish","hentry"],"_links":{"self":[{"href":"https:\/\/www.aydiner.gen.tr\/index.php\/wp-json\/wp\/v2\/pages\/485","targetHints":{"allow":["GET"]}}],"collection":[{"href":"https:\/\/www.aydiner.gen.tr\/index.php\/wp-json\/wp\/v2\/pages"}],"about":[{"href":"https:\/\/www.aydiner.gen.tr\/index.php\/wp-json\/wp\/v2\/types\/page"}],"author":[{"embeddable":true,"href":"https:\/\/www.aydiner.gen.tr\/index.php\/wp-json\/wp\/v2\/users\/1"}],"replies":[{"embeddable":true,"href":"https:\/\/www.aydiner.gen.tr\/index.php\/wp-json\/wp\/v2\/comments?post=485"}],"version-history":[{"count":0,"href":"https:\/\/www.aydiner.gen.tr\/index.php\/wp-json\/wp\/v2\/pages\/485\/revisions"}],"wp:attachment":[{"href":"https:\/\/www.aydiner.gen.tr\/index.php\/wp-json\/wp\/v2\/media?parent=485"}],"curies":[{"name":"wp","href":"https:\/\/api.w.org\/{rel}","templated":true}]}}