{"id":506,"date":"2018-12-25T14:32:38","date_gmt":"2018-12-25T11:32:38","guid":{"rendered":"http:\/\/www.aydiner.gen.tr\/?page_id=506"},"modified":"2018-12-25T22:27:53","modified_gmt":"2018-12-25T19:27:53","slug":"html-basit-ornekler","status":"publish","type":"page","link":"https:\/\/www.aydiner.gen.tr\/index.php\/html-basit-ornekler\/","title":{"rendered":"HTML BAS\u0130T \u00d6RNEKLER"},"content":{"rendered":"<h2>HTML Ba\u015fl\u0131klar\u0131<\/h2>\n<p>HTML ba\u015fl\u0131klar\u0131&nbsp;<code class=\"w3-codespan\">&lt;h1&gt;<\/code>to&nbsp;<code class=\"w3-codespan\">&lt;h6&gt;<\/code>etiketleriyle&nbsp;tan\u0131mlanm\u0131\u015ft\u0131r&nbsp;.<\/p>\n<p><code class=\"w3-codespan\">&lt;h1&gt;<\/code>En \u00f6nemli ba\u015fl\u0131\u011f\u0131 tan\u0131mlar.&nbsp;<code class=\"w3-codespan\">&lt;h6&gt;<\/code>En az \u00f6nem ta\u015f\u0131yan ba\u015fl\u0131\u011f\u0131 tan\u0131mlar.<\/p>\n<pre class=\"lang:default decode:true\">&lt;!DOCTYPE html&gt;\r\n&lt;html&gt;\r\n&lt;body&gt;\r\n\r\n&lt;h1&gt;Bursa Osmangazi&lt;\/h1&gt;\r\n&lt;h2&gt;Bursa Osmangazi&lt;\/h2&gt;\r\n&lt;h3&gt;Bursa Osmangazi&lt;\/h3&gt;\r\n&lt;h4&gt;Bursa Osmangazi&lt;\/h4&gt;\r\n&lt;h5&gt;Bursa Osmangazi&lt;\/h5&gt;\r\n&lt;h6&gt;Bursa Osmangazi&lt;\/h6&gt;\r\n\r\n&lt;\/body&gt;\r\n&lt;\/html&gt;<\/pre>\n<h2><a href=\"https:\/\/www.aydiner.gen.tr\/wp-content\/uploads\/2018\/12\/bursa.png\"><img loading=\"lazy\" decoding=\"async\" class=\"alignleft size-full wp-image-507\" src=\"https:\/\/www.aydiner.gen.tr\/wp-content\/uploads\/2018\/12\/bursa.png\" alt=\"\" width=\"286\" height=\"267\" data-id=\"507\"><\/a><\/h2>\n<h2>&nbsp;<\/h2>\n<h2>&nbsp;<\/h2>\n<h2>&nbsp;<\/h2>\n<h2>&nbsp;<\/h2>\n<h2>&nbsp;<\/h2>\n<h2>&nbsp;<\/h2>\n<p>&nbsp;<\/p>\n<p>&nbsp;<\/p>\n<p>&nbsp;<\/p>\n<p>&nbsp;<\/p>\n<p>&nbsp;<\/p>\n<h2>HTML Paragraflar\u0131<\/h2>\n<p>HTML paragraflar\u0131 \u015fu&nbsp;<code class=\"w3-codespan\">&lt;p&gt;<\/code>etiketle&nbsp;tan\u0131mlan\u0131r&nbsp;:<\/p>\n<pre class=\"lang:default decode:true\">&lt;!DOCTYPE html&gt;\r\n&lt;html&gt;\r\n&lt;body&gt;\r\n\r\n&lt;p&gt;Bursa Osmangazi&lt;\/p&gt;\r\n&lt;p&gt;Bursa Osmangazi&lt;\/p&gt;\r\n\r\n&lt;\/body&gt;\r\n&lt;\/html&gt;<\/pre>\n<h2><a href=\"https:\/\/www.aydiner.gen.tr\/wp-content\/uploads\/2018\/12\/bursa1.png\"><img loading=\"lazy\" decoding=\"async\" class=\"alignleft size-full wp-image-510\" src=\"https:\/\/www.aydiner.gen.tr\/wp-content\/uploads\/2018\/12\/bursa1.png\" alt=\"\" width=\"135\" height=\"69\" data-id=\"510\"><\/a><\/h2>\n<h2>&nbsp;<\/h2>\n<h2>&nbsp;<\/h2>\n<h2>&nbsp;<\/h2>\n<h2>&nbsp;<\/h2>\n<h2>HTML Ba\u011flant\u0131lar\u0131<\/h2>\n<p>HTML ba\u011flant\u0131lar\u0131 \u015fu&nbsp;<code class=\"w3-codespan\">&lt;a&gt;<\/code>etiketle&nbsp;tan\u0131mlanm\u0131\u015ft\u0131r&nbsp;:<\/p>\n<pre class=\"lang:default decode:true\">&lt;!DOCTYPE html&gt;\r\n&lt;html&gt;\r\n&lt;body&gt;\r\n\r\n&lt;h2&gt;HTML Link vermek&lt;\/h2&gt;\r\n&lt;p&gt;Bursa Osmangazi&lt;\/p&gt;\r\n\r\n&lt;a href=\"http:\/\/www.osmangazi.bel.tr\/\"&gt;Osmangazi Belediyesi&lt;\/a&gt;\r\n\r\n&lt;\/body&gt;\r\n&lt;\/html&gt;\r\n<\/pre>\n<h2>HTML G\u00f6r\u00fcnt\u00fcleri<\/h2>\n<p>HTML g\u00f6r\u00fcnt\u00fcleri&nbsp;<code class=\"w3-codespan\">&lt;img&gt;<\/code>etiketi&nbsp;ile tan\u0131mlan\u0131r&nbsp;.<\/p>\n<p>Kaynak dosya (&nbsp;<code class=\"w3-codespan\">src<\/code>), alternatif metin (&nbsp;<code class=\"w3-codespan\">alt<\/code>)&nbsp;<code class=\"w3-codespan\">width<\/code>ve&nbsp;<code class=\"w3-codespan\">height<\/code>\u00f6zellikler olarak sa\u011fland\u0131:<\/p>\n<pre class=\"lang:default decode:true\">&lt;!DOCTYPE html&gt;\r\n&lt;html&gt;\r\n&lt;body&gt;\r\n\r\n&lt;h2&gt;HTML Reimler&lt;\/h2&gt;\r\n&lt;p&gt;HTML sayfas\u0131na Resim Eklemek&lt;\/p&gt;\r\n\r\n&lt;img src=\"http:\/\/lorempixel.com\/400\/200\/\" alt=\"Resimler\" width=\"400\" height=\"200\"&gt;\r\n\r\n&lt;\/body&gt;\r\n&lt;\/html&gt;<\/pre>\n<h2><a href=\"https:\/\/www.aydiner.gen.tr\/wp-content\/uploads\/2018\/12\/reimekle.png\"><img loading=\"lazy\" decoding=\"async\" class=\"alignleft size-medium wp-image-511\" src=\"https:\/\/www.aydiner.gen.tr\/wp-content\/uploads\/2018\/12\/reimekle-300x218.png\" alt=\"\" width=\"300\" height=\"218\" data-id=\"511\" srcset=\"https:\/\/www.aydiner.gen.tr\/wp-content\/uploads\/2018\/12\/reimekle-300x218.png 300w, https:\/\/www.aydiner.gen.tr\/wp-content\/uploads\/2018\/12\/reimekle.png 426w\" sizes=\"auto, (max-width: 300px) 100vw, 300px\" \/><\/a><\/h2>\n<h2>&nbsp;<\/h2>\n<h2>&nbsp;<\/h2>\n<h2>&nbsp;<\/h2>\n<h2>&nbsp;<\/h2>\n<h2>&nbsp;<\/h2>\n<p>&nbsp;<\/p>\n<p>&nbsp;<\/p>\n<p>&nbsp;<\/p>\n<p>&nbsp;<\/p>\n<h2>HTML D\u00fc\u011fmeleri<\/h2>\n<p>HTML d\u00fc\u011fmeleri \u015fu&nbsp;<code class=\"w3-codespan\">&lt;button&gt;<\/code>etiketiyle tan\u0131mlan\u0131r&nbsp;:<\/p>\n<pre class=\"lang:default decode:true\">&lt;!DOCTYPE html&gt;\r\n&lt;html&gt;\r\n&lt;body&gt;\r\n\r\n&lt;h2&gt;HTML D\u00fc\u011fme&lt;\/h2&gt;\r\n&lt;p&gt;HTML Buton eklemek&lt;\/p&gt;\r\n\r\n&lt;button&gt;T\u0131kla&lt;\/button&gt;\r\n\r\n&lt;\/body&gt;\r\n&lt;\/html&gt;<\/pre>\n<h2><a href=\"https:\/\/www.aydiner.gen.tr\/wp-content\/uploads\/2018\/12\/dugme.png\"><img loading=\"lazy\" decoding=\"async\" class=\"alignleft size-full wp-image-512\" src=\"https:\/\/www.aydiner.gen.tr\/wp-content\/uploads\/2018\/12\/dugme.png\" alt=\"\" width=\"256\" height=\"166\" data-id=\"512\"><\/a><\/h2>\n<h2>&nbsp;<\/h2>\n<h2>&nbsp;<\/h2>\n<h2>&nbsp;<\/h2>\n<h2>&nbsp;<\/h2>\n<p>&nbsp;<\/p>\n<p>&nbsp;<\/p>\n<p>&nbsp;<\/p>\n<h2>HTML Listeleri<\/h2>\n<p>HTML listeleri&nbsp;<code class=\"w3-codespan\">&lt;ul&gt;<\/code>(s\u0131ralanmam\u0131\u015f \/ madde i\u015fareti listesi) veya&nbsp;<code class=\"w3-codespan\">&lt;ol&gt;<\/code>(s\u0131ral\u0131 \/ numaral\u0131 liste) etiketiyle, ard\u0131ndan&nbsp;<code class=\"w3-codespan\">&lt;li&gt;<\/code>&nbsp;etiketlerle (liste \u00f6\u011feleri) tan\u0131mlan\u0131r:<\/p>\n<pre class=\"lang:default decode:true\">&lt;!DOCTYPE html&gt;\r\n&lt;html&gt;\r\n&lt;body&gt;\r\n&lt;h2&gt;Bili\u015fim Teknolojileri Alan\u0131&lt;\/h2&gt;\r\n&lt;ul&gt;\r\n  &lt;li&gt;Web Programc\u0131l\u0131\u011f\u0131&lt;\/li&gt;\r\n  &lt;li&gt;Veritaban\u0131 Programc\u0131l\u0131\u011f\u0131&lt;\/li&gt;\r\n&lt;\/ul&gt;  \r\n&lt;\/body&gt;\r\n&lt;\/html&gt;<\/pre>\n<p><a href=\"https:\/\/www.aydiner.gen.tr\/wp-content\/uploads\/2018\/12\/liste.png\"><img loading=\"lazy\" decoding=\"async\" class=\"alignleft size-medium wp-image-513\" src=\"https:\/\/www.aydiner.gen.tr\/wp-content\/uploads\/2018\/12\/liste-300x96.png\" alt=\"\" width=\"300\" height=\"96\" data-id=\"513\" srcset=\"https:\/\/www.aydiner.gen.tr\/wp-content\/uploads\/2018\/12\/liste-300x96.png 300w, https:\/\/www.aydiner.gen.tr\/wp-content\/uploads\/2018\/12\/liste.png 429w\" sizes=\"auto, (max-width: 300px) 100vw, 300px\" \/><\/a><\/p>\n<p>&nbsp;<\/p>\n","protected":false},"excerpt":{"rendered":"<p>HTML Ba\u015fl\u0131klar\u0131 HTML ba\u015fl\u0131klar\u0131&nbsp;&lt;h1&gt;to&nbsp;&lt;h6&gt;etiketleriyle&nbsp;tan\u0131mlanm\u0131\u015ft\u0131r&nbsp;. &lt;h1&gt;En \u00f6nemli ba\u015fl\u0131\u011f\u0131 tan\u0131mlar.&nbsp;&lt;h6&gt;En az \u00f6nem ta\u015f\u0131yan ba\u015fl\u0131\u011f\u0131 tan\u0131mlar. &lt;!DOCTYPE html&gt; &lt;html&gt; &lt;body&gt; &lt;h1&gt;Bursa Osmangazi&lt;\/h1&gt; &lt;h2&gt;Bursa [&hellip;]<\/p>\n","protected":false},"author":1,"featured_media":0,"parent":0,"menu_order":0,"comment_status":"closed","ping_status":"closed","template":"","meta":{"footnotes":""},"class_list":["post-506","page","type-page","status-publish","hentry"],"_links":{"self":[{"href":"https:\/\/www.aydiner.gen.tr\/index.php\/wp-json\/wp\/v2\/pages\/506","targetHints":{"allow":["GET"]}}],"collection":[{"href":"https:\/\/www.aydiner.gen.tr\/index.php\/wp-json\/wp\/v2\/pages"}],"about":[{"href":"https:\/\/www.aydiner.gen.tr\/index.php\/wp-json\/wp\/v2\/types\/page"}],"author":[{"embeddable":true,"href":"https:\/\/www.aydiner.gen.tr\/index.php\/wp-json\/wp\/v2\/users\/1"}],"replies":[{"embeddable":true,"href":"https:\/\/www.aydiner.gen.tr\/index.php\/wp-json\/wp\/v2\/comments?post=506"}],"version-history":[{"count":0,"href":"https:\/\/www.aydiner.gen.tr\/index.php\/wp-json\/wp\/v2\/pages\/506\/revisions"}],"wp:attachment":[{"href":"https:\/\/www.aydiner.gen.tr\/index.php\/wp-json\/wp\/v2\/media?parent=506"}],"curies":[{"name":"wp","href":"https:\/\/api.w.org\/{rel}","templated":true}]}}