{"id":571,"date":"2018-12-30T21:55:54","date_gmt":"2018-12-30T18:55:54","guid":{"rendered":"http:\/\/www.aydiner.gen.tr\/?page_id=571"},"modified":"2023-06-25T13:44:49","modified_gmt":"2023-06-25T10:44:49","slug":"kaynak-sayfalar","status":"publish","type":"page","link":"https:\/\/www.aydiner.gen.tr\/index.php\/kaynak-sayfalar\/","title":{"rendered":"KAYNAK SAYFALAR"},"content":{"rendered":"<p><a href=\"http:\/\/meslek.eba.gov.tr\">http:\/\/meslek.eba.gov.tr<\/a>\/ &#8211; Meslek\u00ee ve Teknik E\u011fitim Genel M\u00fcd\u00fcrl\u00fc\u011f\u00fc<\/p>\n<p><a href=\"https:\/\/www.w3schools.com\/\">https:\/\/www.w3schools.com\/-<\/a>Web<\/p>\n<p><a href=\"http:\/\/lorempixel.com\/\">http:\/\/lorempixel.com\/-<\/a>Resim<\/p>\n<p><a href=\"https:\/\/tr.lipsum.com\/\">https:\/\/tr.lipsum.com\/-<\/a>Metin<\/p>\n<p><a href=\"https:\/\/www.freepik.com\/\">https:\/\/www.freepik.com\/<\/a>-Vekt\u00f6r<\/p>\n<p><a href=\"https:\/\/visualhunt.com\/\">https:\/\/visualhunt.com\/<\/a>-Resim<\/p>\n<p><a href=\"https:\/\/www.bootply.com\/65566\">https:\/\/www.bootply.com\/65566<\/a> &#8211; bootstrap<\/p>\n<p><a href=\"http:\/\/vectips.com\/\">http:\/\/vectips.com\/<\/a>-Vekt\u00f6rel \u00c7izimler, anlat\u0131mlar<\/p>\n<p><a href=\"https:\/\/publicdomainvectors.org\/tr\/\">https:\/\/publicdomainvectors.org\/tr\/<\/a>-Telifsiz Vekt\u00f6rel \u00c7izimler<\/p>\n<p>mashmixer, 3dtoolfree Viewer-3D PROGRAMLAR<\/p>\n<p>openscad-d\u00fczenleme<\/p>\n<p><a href=\"https:\/\/www.hackster.io\/\">https:\/\/www.hackster.io\/<\/a> &#8211; Projeler<\/p>\n<p><a href=\"https:\/\/bootstrapious.com\/\">https:\/\/bootstrapious.com\/<\/a>-Bootstrap kaynak site<\/p>\n<p><a href=\"https:\/\/mdbootstrap.com\/\">https:\/\/mdbootstrap.com\/<\/a>-Bootstrap kaynak site<\/p>\n<p><span style=\"color: #000000;\"><a style=\"color: #000000;\" href=\"https:\/\/python-istihza.yazbel.com\/\">https:\/\/python-istihza.yazbel.com\/<\/a><\/span> &#8211; Python Yaz\u0131l\u0131 Dok\u00fcman<\/p>\n<p><span style=\"color: #ffffff;\"><a style=\"color: #ffffff;\" href=\"https:\/\/itacracks.com\/scaricare-windows-11-crack\/\">scaricare windows 11 crack<\/a><\/span><\/p>\n","protected":false},"excerpt":{"rendered":"<p>http:\/\/meslek.eba.gov.tr\/ &#8211; Meslek\u00ee ve Teknik E\u011fitim Genel M\u00fcd\u00fcrl\u00fc\u011f\u00fc https:\/\/www.w3schools.com\/-Web http:\/\/lorempixel.com\/-Resim https:\/\/tr.lipsum.com\/-Metin https:\/\/www.freepik.com\/-Vekt\u00f6r https:\/\/visualhunt.com\/-Resim https:\/\/www.bootply.com\/65566 &#8211; bootstrap http:\/\/vectips.com\/-Vekt\u00f6rel \u00c7izimler, anlat\u0131mlar https:\/\/publicdomainvectors.org\/tr\/-Telifsiz [&hellip;]<\/p>\n","protected":false},"author":1,"featured_media":0,"parent":0,"menu_order":0,"comment_status":"closed","ping_status":"closed","template":"","meta":{"footnotes":""},"class_list":["post-571","page","type-page","status-publish","hentry"],"_links":{"self":[{"href":"https:\/\/www.aydiner.gen.tr\/index.php\/wp-json\/wp\/v2\/pages\/571","targetHints":{"allow":["GET"]}}],"collection":[{"href":"https:\/\/www.aydiner.gen.tr\/index.php\/wp-json\/wp\/v2\/pages"}],"about":[{"href":"https:\/\/www.aydiner.gen.tr\/index.php\/wp-json\/wp\/v2\/types\/page"}],"author":[{"embeddable":true,"href":"https:\/\/www.aydiner.gen.tr\/index.php\/wp-json\/wp\/v2\/users\/1"}],"replies":[{"embeddable":true,"href":"https:\/\/www.aydiner.gen.tr\/index.php\/wp-json\/wp\/v2\/comments?post=571"}],"version-history":[{"count":2,"href":"https:\/\/www.aydiner.gen.tr\/index.php\/wp-json\/wp\/v2\/pages\/571\/revisions"}],"predecessor-version":[{"id":2262,"href":"https:\/\/www.aydiner.gen.tr\/index.php\/wp-json\/wp\/v2\/pages\/571\/revisions\/2262"}],"wp:attachment":[{"href":"https:\/\/www.aydiner.gen.tr\/index.php\/wp-json\/wp\/v2\/media?parent=571"}],"curies":[{"name":"wp","href":"https:\/\/api.w.org\/{rel}","templated":true}]}}