{"id":616,"date":"2019-02-18T13:14:51","date_gmt":"2019-02-18T10:14:51","guid":{"rendered":"http:\/\/www.aydiner.gen.tr\/?page_id=616"},"modified":"2019-02-18T13:14:51","modified_gmt":"2019-02-18T10:14:51","slug":"arduino-ile-led-yakma-arduino-blink-uygulamasi","status":"publish","type":"page","link":"https:\/\/www.aydiner.gen.tr\/index.php\/arduino-ile-led-yakma-arduino-blink-uygulamasi\/","title":{"rendered":"Arduino ile LED Yakma \u2013 Arduino Blink Uygulamas\u0131"},"content":{"rendered":"<p>Her \u015fey bir LED le ba\u015flar&#8230;&nbsp;<\/p>\n<p>Elektronik sistemlerde g\u00f6rd\u00fc\u011f\u00fcm\u00fcz, ayd\u0131nlatmaya yarayan elektronik devre eleman\u0131 olan LED\u2019i yak\u0131p s\u00f6nd\u00fcrece\u011fimiz uygulamam\u0131z :<\/p>\n<p>Ba\u011flant\u0131 \u015eemas\u0131:<\/p>\n<p><a href=\"https:\/\/www.aydiner.gen.tr\/wp-content\/uploads\/2019\/02\/blink.png\"><img loading=\"lazy\" decoding=\"async\" class=\"alignleft size-medium wp-image-617\" src=\"https:\/\/www.aydiner.gen.tr\/wp-content\/uploads\/2019\/02\/blink-300x267.png\" alt=\"\" width=\"300\" height=\"267\" data-id=\"617\" srcset=\"https:\/\/www.aydiner.gen.tr\/wp-content\/uploads\/2019\/02\/blink-300x267.png 300w, https:\/\/www.aydiner.gen.tr\/wp-content\/uploads\/2019\/02\/blink-600x535.png 600w, https:\/\/www.aydiner.gen.tr\/wp-content\/uploads\/2019\/02\/blink-768x684.png 768w, https:\/\/www.aydiner.gen.tr\/wp-content\/uploads\/2019\/02\/blink.png 845w\" sizes=\"auto, (max-width: 300px) 100vw, 300px\" \/><\/a><\/p>\n<p>&nbsp;<\/p>\n<p>&nbsp;<\/p>\n<p>&nbsp;<\/p>\n<p>&nbsp;<\/p>\n<p>&nbsp;<\/p>\n<p>&nbsp;<\/p>\n<p>&nbsp;<\/p>\n<p>&nbsp;<\/p>\n<p>Kodlamas\u0131 :&nbsp;<\/p>\n<pre class=\"lang:default decode:true\">void setup()\r\n{\r\n  pinMode(13, OUTPUT);\/\/Bu sat\u0131r, kart \u00fczerindeki 13 numaral\u0131 pini \u00e7\u0131k\u0131\u015f verecek \u015fekilde ayarl\u0131yor.&nbsp;\r\n}\r\n\r\nvoid loop()\r\n{\r\n  digitalWrite(13, HIGH);\/\/Bu k\u0131s\u0131m ise \u00f6ncelikle 13 numaral\u0131 pine HIGH lojik seviyesine, yani 5V\u2019a ayarlan\u0131yor. Yani led yan\u0131yor\r\n  delay(1000); \/\/ 1000 milisaniye (1 saniyeye e\u015fittir) hi\u00e7bir i\u015flem yapmadan bekliyor.\r\n  digitalWrite(13, LOW);\/\/13 numaral\u0131 pini lojik LOW yani 0V veya toprak hatt\u0131 seviyesine ayarlan\u0131yor. Yani led s\u00f6n\u00fcyor.\r\n  delay(1000); \/\/ 1 saniye hi\u00e7bir i\u015flem yapmadan bekliyor.\r\n}<\/pre>\n<p>Bu \u00d6rne\u011fimizde bekleme s\u00fcreleri de\u011fi\u015ftirilerek LED yan\u0131p s\u00f6nme s\u00fcreleri ile i\u015flem g\u00f6zlemlenebilir. Kolay Gelsin&#8230;<\/p>\n","protected":false},"excerpt":{"rendered":"<p>Her \u015fey bir LED le ba\u015flar&#8230;&nbsp; Elektronik sistemlerde g\u00f6rd\u00fc\u011f\u00fcm\u00fcz, ayd\u0131nlatmaya yarayan elektronik devre eleman\u0131 olan LED\u2019i yak\u0131p s\u00f6nd\u00fcrece\u011fimiz uygulamam\u0131z : [&hellip;]<\/p>\n","protected":false},"author":1,"featured_media":0,"parent":0,"menu_order":0,"comment_status":"closed","ping_status":"closed","template":"","meta":{"footnotes":""},"class_list":["post-616","page","type-page","status-publish","hentry"],"_links":{"self":[{"href":"https:\/\/www.aydiner.gen.tr\/index.php\/wp-json\/wp\/v2\/pages\/616","targetHints":{"allow":["GET"]}}],"collection":[{"href":"https:\/\/www.aydiner.gen.tr\/index.php\/wp-json\/wp\/v2\/pages"}],"about":[{"href":"https:\/\/www.aydiner.gen.tr\/index.php\/wp-json\/wp\/v2\/types\/page"}],"author":[{"embeddable":true,"href":"https:\/\/www.aydiner.gen.tr\/index.php\/wp-json\/wp\/v2\/users\/1"}],"replies":[{"embeddable":true,"href":"https:\/\/www.aydiner.gen.tr\/index.php\/wp-json\/wp\/v2\/comments?post=616"}],"version-history":[{"count":0,"href":"https:\/\/www.aydiner.gen.tr\/index.php\/wp-json\/wp\/v2\/pages\/616\/revisions"}],"wp:attachment":[{"href":"https:\/\/www.aydiner.gen.tr\/index.php\/wp-json\/wp\/v2\/media?parent=616"}],"curies":[{"name":"wp","href":"https:\/\/api.w.org\/{rel}","templated":true}]}}