{"id":628,"date":"2019-02-18T17:58:50","date_gmt":"2019-02-18T14:58:50","guid":{"rendered":"http:\/\/www.aydiner.gen.tr\/?page_id=628"},"modified":"2019-02-18T18:06:41","modified_gmt":"2019-02-18T15:06:41","slug":"arduino-ile-basit-yuruyen-isik","status":"publish","type":"page","link":"https:\/\/www.aydiner.gen.tr\/index.php\/arduino-ile-basit-yuruyen-isik\/","title":{"rendered":"Arduino ile Basit Y\u00fcr\u00fcyen I\u015f\u0131k"},"content":{"rendered":"<pre class=\"lang:default decode:true\">#define led 2\r\n#define lediki 3\r\n#define leduc 4\r\n#define leddort 5\r\n#define ledbes 6\r\n#define ledalti 7\r\n\r\nvoid setup() {\r\npinMode(led, OUTPUT);\r\npinMode(lediki, OUTPUT);\r\npinMode(leduc, OUTPUT);\r\npinMode(leddort, OUTPUT);\/\/ led de\u011fi\u015fkenini pinini \u00e7\u0131k\u0131\u015f olarak ayarlan\u0131yor.\r\npinMode(ledbes, OUTPUT);\r\npinMode(ledalti, OUTPUT);\r\n\r\n}\r\n\r\nvoid loop()\/\/ sonsuz d\u00f6ng\u00fc\r\n{\r\n\r\ndigitalWrite(led, HIGH); \/\/ HIGH led \u00e7\u0131k\u0131\u015f\u0131n\u0131 aktif yapar Pin \u00e7\u0131k\u0131\u015f\u0131na 1 g\u00f6nderir\r\ndelay(100); \/\/ 1 saniye bekler. (1000 1sn\u2019ye e\u015fit gelir)\r\ndigitalWrite(led, LOW); \/\/ LOW led \u00e7\u0131k\u0131\u015f\u0131n\u0131 pasif yapar Pin \u00e7\u0131k\u0131\u015f\u0131na 0 g\u00f6nderir.\r\ndigitalWrite(lediki, HIGH);\r\ndelay(100);\r\ndigitalWrite(lediki, LOW); \/\/ HIGH led \u00e7\u0131k\u0131\u015f\u0131n\u0131 aktif yapar Pin \u00e7\u0131k\u0131\u015f\u0131na 1 g\u00f6nderir\r\ndigitalWrite(leduc, HIGH);\r\ndelay(100); \/\/ 1 saniye bekler. (1000 1sn\u2019ye e\u015fit gelir)\r\ndigitalWrite(leduc, LOW); \/\/ LOW led \u00e7\u0131k\u0131\u015f\u0131n\u0131 pasif yapar Pin \u00e7\u0131k\u0131\u015f\u0131na 0 g\u00f6nderir.\r\ndigitalWrite(leddort, HIGH);\r\ndelay(100);\r\ndigitalWrite(leddort, LOW); \/\/ HIGH led \u00e7\u0131k\u0131\u015f\u0131n\u0131 aktif yapar Pin \u00e7\u0131k\u0131\u015f\u0131na 1 g\u00f6nderir\r\ndigitalWrite(ledbes, HIGH);\r\ndelay(100); \/\/ 1 saniye bekler. (1000 1sn\u2019ye e\u015fit gelir)\r\ndigitalWrite(ledbes, LOW); \/\/ LOW led \u00e7\u0131k\u0131\u015f\u0131n\u0131 pasif yapar Pin \u00e7\u0131k\u0131\u015f\u0131na 0 g\u00f6nderir.\r\ndigitalWrite(ledalti, HIGH);\r\ndelay(100);\r\ndigitalWrite(ledalti, LOW);\r\n\r\n}<\/pre>\n<p>&nbsp;<br \/>\n<iframe loading=\"lazy\" width=\"560\" height=\"315\" src=\"https:\/\/www.youtube.com\/embed\/7VciIEcURjg\" frameborder=\"0\" allow=\"accelerometer; autoplay; encrypted-media; gyroscope; picture-in-picture\" allowfullscreen><\/iframe><\/p>\n","protected":false},"excerpt":{"rendered":"<p>#define led 2 #define lediki 3 #define leduc 4 #define leddort 5 #define ledbes 6 #define ledalti 7 void setup() [&hellip;]<\/p>\n","protected":false},"author":1,"featured_media":0,"parent":0,"menu_order":0,"comment_status":"closed","ping_status":"closed","template":"","meta":{"footnotes":""},"class_list":["post-628","page","type-page","status-publish","hentry"],"_links":{"self":[{"href":"https:\/\/www.aydiner.gen.tr\/index.php\/wp-json\/wp\/v2\/pages\/628","targetHints":{"allow":["GET"]}}],"collection":[{"href":"https:\/\/www.aydiner.gen.tr\/index.php\/wp-json\/wp\/v2\/pages"}],"about":[{"href":"https:\/\/www.aydiner.gen.tr\/index.php\/wp-json\/wp\/v2\/types\/page"}],"author":[{"embeddable":true,"href":"https:\/\/www.aydiner.gen.tr\/index.php\/wp-json\/wp\/v2\/users\/1"}],"replies":[{"embeddable":true,"href":"https:\/\/www.aydiner.gen.tr\/index.php\/wp-json\/wp\/v2\/comments?post=628"}],"version-history":[{"count":0,"href":"https:\/\/www.aydiner.gen.tr\/index.php\/wp-json\/wp\/v2\/pages\/628\/revisions"}],"wp:attachment":[{"href":"https:\/\/www.aydiner.gen.tr\/index.php\/wp-json\/wp\/v2\/media?parent=628"}],"curies":[{"name":"wp","href":"https:\/\/api.w.org\/{rel}","templated":true}]}}