{"id":753,"date":"2019-10-12T22:22:47","date_gmt":"2019-10-12T19:22:47","guid":{"rendered":"http:\/\/www.aydiner.gen.tr\/?page_id=753"},"modified":"2019-10-12T22:27:31","modified_gmt":"2019-10-12T19:27:31","slug":"flow-chart-iki-sayidan-buyuk-olani-bulan-akis-semasi","status":"publish","type":"page","link":"https:\/\/www.aydiner.gen.tr\/index.php\/flow-chart-iki-sayidan-buyuk-olani-bulan-akis-semasi\/","title":{"rendered":"Flow Chart \u0130ki say\u0131dan b\u00fcy\u00fck olan\u0131 bulan ak\u0131\u015f \u015femas\u0131"},"content":{"rendered":"<p><a href=\"https:\/\/www.aydiner.gen.tr\/wp-content\/uploads\/2019\/10\/ikisayi.png\"><img loading=\"lazy\" decoding=\"async\" class=\"alignleft wp-image-754 size-medium\" src=\"https:\/\/www.aydiner.gen.tr\/wp-content\/uploads\/2019\/10\/ikisayi-300x255.png\" alt=\"\" width=\"300\" height=\"255\" srcset=\"https:\/\/www.aydiner.gen.tr\/wp-content\/uploads\/2019\/10\/ikisayi-300x255.png 300w, https:\/\/www.aydiner.gen.tr\/wp-content\/uploads\/2019\/10\/ikisayi-600x509.png 600w, https:\/\/www.aydiner.gen.tr\/wp-content\/uploads\/2019\/10\/ikisayi.png 765w\" sizes=\"auto, (max-width: 300px) 100vw, 300px\" \/><\/a><\/p>\n<p>Flow Chart program\u0131nda yap\u0131lm\u0131\u015f \u0130ki say\u0131dan b\u00fcy\u00fck olan\u0131 bulan program\u0131n ak\u0131\u015f \u015femas\u0131. \u00d6ncelikle klavyeden iki adet say\u0131 teker teker giriliyor. Daha sonra bu say\u0131lar kar\u015f\u0131la\u015ft\u0131r\u0131larak i\u00e7lerinden b\u00fcy\u00fck olan tespit ediliyor ve b\u00fcy\u00fck olan say\u0131 ekranda g\u00f6steriliyor.<\/p>\n","protected":false},"excerpt":{"rendered":"<p>Flow Chart program\u0131nda yap\u0131lm\u0131\u015f \u0130ki say\u0131dan b\u00fcy\u00fck olan\u0131 bulan program\u0131n ak\u0131\u015f \u015femas\u0131. \u00d6ncelikle klavyeden iki adet say\u0131 teker teker giriliyor. [&hellip;]<\/p>\n","protected":false},"author":1,"featured_media":0,"parent":0,"menu_order":0,"comment_status":"closed","ping_status":"closed","template":"","meta":{"footnotes":""},"class_list":["post-753","page","type-page","status-publish","hentry"],"_links":{"self":[{"href":"https:\/\/www.aydiner.gen.tr\/index.php\/wp-json\/wp\/v2\/pages\/753","targetHints":{"allow":["GET"]}}],"collection":[{"href":"https:\/\/www.aydiner.gen.tr\/index.php\/wp-json\/wp\/v2\/pages"}],"about":[{"href":"https:\/\/www.aydiner.gen.tr\/index.php\/wp-json\/wp\/v2\/types\/page"}],"author":[{"embeddable":true,"href":"https:\/\/www.aydiner.gen.tr\/index.php\/wp-json\/wp\/v2\/users\/1"}],"replies":[{"embeddable":true,"href":"https:\/\/www.aydiner.gen.tr\/index.php\/wp-json\/wp\/v2\/comments?post=753"}],"version-history":[{"count":0,"href":"https:\/\/www.aydiner.gen.tr\/index.php\/wp-json\/wp\/v2\/pages\/753\/revisions"}],"wp:attachment":[{"href":"https:\/\/www.aydiner.gen.tr\/index.php\/wp-json\/wp\/v2\/media?parent=753"}],"curies":[{"name":"wp","href":"https:\/\/api.w.org\/{rel}","templated":true}]}}