{"id":762,"date":"2019-10-21T19:43:39","date_gmt":"2019-10-21T16:43:39","guid":{"rendered":"http:\/\/www.aydiner.gen.tr\/?page_id=762"},"modified":"2024-06-15T09:29:06","modified_gmt":"2024-06-15T06:29:06","slug":"arduino-kara-simsek-uygulamasi","status":"publish","type":"page","link":"https:\/\/www.aydiner.gen.tr\/index.php\/arduino-kara-simsek-uygulamasi\/","title":{"rendered":"Arduino Kara \u015eim\u015fek Uygulamas\u0131"},"content":{"rendered":"<pre class=\"lang:default decode:true \">void setup() {\r\n  \/\/ Pinleri \u00e7\u0131k\u0131\u015f olarak ayarl\u0131yoruz.\r\n  pinMode(13, OUTPUT);\r\n  pinMode(12,OUTPUT);\r\n  pinMode(11,OUTPUT);\r\n  pinMode(10, OUTPUT);\r\n  pinMode(9,OUTPUT);\r\n  pinMode(8,OUTPUT);\r\n  \r\n}\r\n\r\n\r\nvoid loop() {\r\n\r\n \r\n digitalWrite (13, HIGH); \/\/13. pinden \u00e7\u0131k\u0131\u015f yapt\u0131\u011f\u0131m\u0131z led'i yak\u0131yoruz\r\n delay (50); \/\/50ms boyunca yanmas\u0131n\u0131 istiyoruz\r\n digitalWrite (13, LOW); \/\/ 13. pinden \u00e7\u0131k\u0131\u015f ald\u0131\u011f\u0131m\u0131z led'i s\u00f6d\u00fcr\u00fcyoruz\r\n digitalWrite (12, HIGH); \/\/12. pinden \u00e7\u0131k\u0131\u015f yapt\u0131\u011f\u0131m\u0131z led'i yak\u0131yoruz\r\n delay (50); \/\/50ms boyunca yanmas\u0131n\u0131 istiyoruz\r\n digitalWrite (12, LOW); \/\/ 12. pinden \u00e7\u0131k\u0131\u015f ald\u0131\u011f\u0131m\u0131z led'i s\u00f6d\u00fcr\u00fcyoruz\r\n digitalWrite (11,HIGH); \/\/ 11. pinden \u00e7\u0131k\u0131\u015f ald\u0131\u011f\u0131m\u0131z led'i yak\u0131yoruz\r\n delay (50); \/\/50 ms boyunca yanmas\u0131n\u0131 istiyoruz \r\n digitalWrite (11, LOW); \/\/ 11. pinden \u00e7\u0131k\u0131\u015f ald\u0131\u011f\u0131m\u0131z led'i s\u00f6d\u00fcr\u00fcyoruz\r\n digitalWrite (10, HIGH); \/\/ 10. pinden \u00e7\u0131k\u0131\u015f ald\u0131\u011f\u0131m\u0131z led'i yak\u0131yoruz\r\n delay (50); \/\/50ms boyunca yanmas\u0131n\u0131 istiyoruz \r\n digitalWrite (10, LOW); \/\/ 10. pinden \u00e7\u0131k\u0131\u015f ald\u0131\u011f\u0131m\u0131z led'i s\u00f6d\u00fcr\u00fcyoruz\r\n digitalWrite (9, HIGH); \/\/ 9. pinden \u00e7\u0131k\u0131\u015f ald\u0131\u011f\u0131m\u0131z led'i yak\u0131yoruz\r\n delay (50); \/\/50ms boyunca yanmas\u0131n\u0131 istiyoruz \r\n digitalWrite (9, LOW); \/\/ 9. pinden \u00e7\u0131k\u0131\u015f ald\u0131\u011f\u0131m\u0131z led'i s\u00f6d\u00fcr\u00fcyoruz\r\n digitalWrite (8, HIGH); \/\/ 8. pinden \u00e7\u0131k\u0131\u015f ald\u0131\u011f\u0131m\u0131z led'i yak\u0131yoruz\r\n delay (50); \/\/50ms boyunca yanmas\u0131n\u0131 istiyoruz \r\n digitalWrite (8, LOW); \/\/ 8. pinden \u00e7\u0131k\u0131\u015f ald\u0131\u011f\u0131m\u0131z led'i s\u00f6d\u00fcr\u00fcyoruz\r\n\r\n  \r\n}\r\n  \r\n  \r\n  \r\n}\r\n<span style=\"color: #ffffff;\">https:\/\/prmovies.lc\/<\/span><\/pre>\n<p>&nbsp;<\/p>\n","protected":false},"excerpt":{"rendered":"<p>void setup() { \/\/ Pinleri \u00e7\u0131k\u0131\u015f olarak ayarl\u0131yoruz. pinMode(13, OUTPUT); pinMode(12,OUTPUT); pinMode(11,OUTPUT); pinMode(10, OUTPUT); pinMode(9,OUTPUT); pinMode(8,OUTPUT); } void loop() { [&hellip;]<\/p>\n","protected":false},"author":1,"featured_media":0,"parent":0,"menu_order":0,"comment_status":"closed","ping_status":"closed","template":"","meta":{"footnotes":""},"class_list":["post-762","page","type-page","status-publish","hentry"],"_links":{"self":[{"href":"https:\/\/www.aydiner.gen.tr\/index.php\/wp-json\/wp\/v2\/pages\/762","targetHints":{"allow":["GET"]}}],"collection":[{"href":"https:\/\/www.aydiner.gen.tr\/index.php\/wp-json\/wp\/v2\/pages"}],"about":[{"href":"https:\/\/www.aydiner.gen.tr\/index.php\/wp-json\/wp\/v2\/types\/page"}],"author":[{"embeddable":true,"href":"https:\/\/www.aydiner.gen.tr\/index.php\/wp-json\/wp\/v2\/users\/1"}],"replies":[{"embeddable":true,"href":"https:\/\/www.aydiner.gen.tr\/index.php\/wp-json\/wp\/v2\/comments?post=762"}],"version-history":[{"count":1,"href":"https:\/\/www.aydiner.gen.tr\/index.php\/wp-json\/wp\/v2\/pages\/762\/revisions"}],"predecessor-version":[{"id":2417,"href":"https:\/\/www.aydiner.gen.tr\/index.php\/wp-json\/wp\/v2\/pages\/762\/revisions\/2417"}],"wp:attachment":[{"href":"https:\/\/www.aydiner.gen.tr\/index.php\/wp-json\/wp\/v2\/media?parent=762"}],"curies":[{"name":"wp","href":"https:\/\/api.w.org\/{rel}","templated":true}]}}