{"id":788,"date":"2019-10-24T11:50:17","date_gmt":"2019-10-24T08:50:17","guid":{"rendered":"http:\/\/www.aydiner.gen.tr\/?page_id=788"},"modified":"2019-10-24T11:50:17","modified_gmt":"2019-10-24T08:50:17","slug":"web-tasarim-ve-programlama-hazirlik-sorulari","status":"publish","type":"page","link":"https:\/\/www.aydiner.gen.tr\/index.php\/web-tasarim-ve-programlama-hazirlik-sorulari\/","title":{"rendered":"Web Tasar\u0131m ve Programlama haz\u0131rl\u0131k sorular\u0131"},"content":{"rendered":"<p><img loading=\"lazy\" decoding=\"async\" class=\"size-medium wp-image-182 alignleft\" src=\"https:\/\/www.aydiner.gen.tr\/wp-content\/uploads\/2018\/12\/websinav-300x300.png\" alt=\"\" width=\"300\" height=\"300\" srcset=\"https:\/\/www.aydiner.gen.tr\/wp-content\/uploads\/2018\/12\/websinav-300x300.png 300w, https:\/\/www.aydiner.gen.tr\/wp-content\/uploads\/2018\/12\/websinav-100x100.png 100w, https:\/\/www.aydiner.gen.tr\/wp-content\/uploads\/2018\/12\/websinav-150x150.png 150w, https:\/\/www.aydiner.gen.tr\/wp-content\/uploads\/2018\/12\/websinav-266x266.png 266w, https:\/\/www.aydiner.gen.tr\/wp-content\/uploads\/2018\/12\/websinav.png 512w\" sizes=\"auto, (max-width: 300px) 100vw, 300px\" \/>indirmek i\u00e7in <a href=\"https:\/\/www.aydiner.gen.tr\/wp-content\/uploads\/2019\/10\/sorular.pdf\">t\u0131klay\u0131n\u0131z&#8230;<\/a><\/p>\n","protected":false},"excerpt":{"rendered":"<p>indirmek i\u00e7in t\u0131klay\u0131n\u0131z&#8230;<\/p>\n","protected":false},"author":1,"featured_media":0,"parent":0,"menu_order":0,"comment_status":"closed","ping_status":"closed","template":"","meta":{"footnotes":""},"class_list":["post-788","page","type-page","status-publish","hentry"],"_links":{"self":[{"href":"https:\/\/www.aydiner.gen.tr\/index.php\/wp-json\/wp\/v2\/pages\/788","targetHints":{"allow":["GET"]}}],"collection":[{"href":"https:\/\/www.aydiner.gen.tr\/index.php\/wp-json\/wp\/v2\/pages"}],"about":[{"href":"https:\/\/www.aydiner.gen.tr\/index.php\/wp-json\/wp\/v2\/types\/page"}],"author":[{"embeddable":true,"href":"https:\/\/www.aydiner.gen.tr\/index.php\/wp-json\/wp\/v2\/users\/1"}],"replies":[{"embeddable":true,"href":"https:\/\/www.aydiner.gen.tr\/index.php\/wp-json\/wp\/v2\/comments?post=788"}],"version-history":[{"count":0,"href":"https:\/\/www.aydiner.gen.tr\/index.php\/wp-json\/wp\/v2\/pages\/788\/revisions"}],"wp:attachment":[{"href":"https:\/\/www.aydiner.gen.tr\/index.php\/wp-json\/wp\/v2\/media?parent=788"}],"curies":[{"name":"wp","href":"https:\/\/api.w.org\/{rel}","templated":true}]}}