{"id":810,"date":"2019-10-31T11:07:01","date_gmt":"2019-10-31T08:07:01","guid":{"rendered":"http:\/\/www.aydiner.gen.tr\/?page_id=810"},"modified":"2019-10-31T11:07:01","modified_gmt":"2019-10-31T08:07:01","slug":"arduino-analog-pinler","status":"publish","type":"page","link":"https:\/\/www.aydiner.gen.tr\/index.php\/arduino-analog-pinler\/","title":{"rendered":"Arduino Analog Pinler"},"content":{"rendered":"<h2><span id=\"Arduino-Analog-Read---Hangi-Pinleri-Analog-Deger-Okumak-Icin-Kullanabiliriz\"><strong>Hangi Pinleri Analog De\u011fer Okumak \u0130\u00e7in Kullanabiliriz?<\/strong><\/span><\/h2>\n<p>Arduino\u2019da ANALOG INPUT k\u0131sm\u0131ndaki pinler analog giri\u015f olarak kullan\u0131l\u0131r. Analog giri\u015f pinlerini\u00a0<strong>A0<\/strong>,<strong>A1<\/strong>,<strong>A2<\/strong>,<strong>A3<\/strong>,<strong>A4<\/strong>,<strong>A5<\/strong>\u00a0olarak s\u0131ralayabiliriz.<\/p>\n<p>\u00d6rnek uygulama i\u00e7in <a href=\"https:\/\/www.aydiner.gen.tr\/index.php\/arduino-analog-read-ve-seri-haberlesme\/\">t\u0131klay\u0131n\u0131z&#8230;<\/a><\/p>\n","protected":false},"excerpt":{"rendered":"<p>Hangi Pinleri Analog De\u011fer Okumak \u0130\u00e7in Kullanabiliriz? Arduino\u2019da ANALOG INPUT k\u0131sm\u0131ndaki pinler analog giri\u015f olarak kullan\u0131l\u0131r. Analog giri\u015f pinlerini\u00a0A0,A1,A2,A3,A4,A5\u00a0olarak s\u0131ralayabiliriz. [&hellip;]<\/p>\n","protected":false},"author":1,"featured_media":0,"parent":0,"menu_order":0,"comment_status":"closed","ping_status":"closed","template":"","meta":{"footnotes":""},"class_list":["post-810","page","type-page","status-publish","hentry"],"_links":{"self":[{"href":"https:\/\/www.aydiner.gen.tr\/index.php\/wp-json\/wp\/v2\/pages\/810","targetHints":{"allow":["GET"]}}],"collection":[{"href":"https:\/\/www.aydiner.gen.tr\/index.php\/wp-json\/wp\/v2\/pages"}],"about":[{"href":"https:\/\/www.aydiner.gen.tr\/index.php\/wp-json\/wp\/v2\/types\/page"}],"author":[{"embeddable":true,"href":"https:\/\/www.aydiner.gen.tr\/index.php\/wp-json\/wp\/v2\/users\/1"}],"replies":[{"embeddable":true,"href":"https:\/\/www.aydiner.gen.tr\/index.php\/wp-json\/wp\/v2\/comments?post=810"}],"version-history":[{"count":0,"href":"https:\/\/www.aydiner.gen.tr\/index.php\/wp-json\/wp\/v2\/pages\/810\/revisions"}],"wp:attachment":[{"href":"https:\/\/www.aydiner.gen.tr\/index.php\/wp-json\/wp\/v2\/media?parent=810"}],"curies":[{"name":"wp","href":"https:\/\/api.w.org\/{rel}","templated":true}]}}