{"id":812,"date":"2019-10-31T11:10:23","date_gmt":"2019-10-31T08:10:23","guid":{"rendered":"http:\/\/www.aydiner.gen.tr\/?page_id=812"},"modified":"2019-10-31T11:10:23","modified_gmt":"2019-10-31T08:10:23","slug":"potansiyometre-nedir","status":"publish","type":"page","link":"https:\/\/www.aydiner.gen.tr\/index.php\/potansiyometre-nedir\/","title":{"rendered":"Potansiyometre Nedir?"},"content":{"rendered":"<p>Potansiyometre, \u00e7evremizde her g\u00fcn kulland\u0131\u011f\u0131m\u0131z cihazlar\u0131n neredeyse hepsinde mevcuttur. M\u00fczik setimizin ses seviyesini de\u011fi\u015ftirmek i\u00e7in \u00e7evirdi\u011fimiz d\u00fc\u011fme bir potansiyometredir. En basit a\u00e7\u0131klama ile potansiyometre, de\u011ferini elimizle \u00e7evirerek ayarlad\u0131\u011f\u0131m\u0131z bir diren\u00e7tir.<\/p>\n<p><a href=\"https:\/\/www.aydiner.gen.tr\/wp-content\/uploads\/2019\/10\/potans.jpg\"><img loading=\"lazy\" decoding=\"async\" class=\"alignnone size-full wp-image-813\" src=\"https:\/\/www.aydiner.gen.tr\/wp-content\/uploads\/2019\/10\/potans.jpg\" alt=\"\" width=\"250\" height=\"291\" \/><\/a><\/p>\n<p><strong>Ba\u011flant\u0131s\u0131<\/strong><\/p>\n<p><a href=\"https:\/\/www.aydiner.gen.tr\/wp-content\/uploads\/2019\/10\/PotBaglanti.png\"><img loading=\"lazy\" decoding=\"async\" class=\"alignnone size-medium wp-image-814\" src=\"https:\/\/www.aydiner.gen.tr\/wp-content\/uploads\/2019\/10\/PotBaglanti-300x153.png\" alt=\"\" width=\"300\" height=\"153\" srcset=\"https:\/\/www.aydiner.gen.tr\/wp-content\/uploads\/2019\/10\/PotBaglanti-300x153.png 300w, https:\/\/www.aydiner.gen.tr\/wp-content\/uploads\/2019\/10\/PotBaglanti-600x305.png 600w, https:\/\/www.aydiner.gen.tr\/wp-content\/uploads\/2019\/10\/PotBaglanti.png 696w\" sizes=\"auto, (max-width: 300px) 100vw, 300px\" \/><\/a><\/p>\n","protected":false},"excerpt":{"rendered":"<p>Potansiyometre, \u00e7evremizde her g\u00fcn kulland\u0131\u011f\u0131m\u0131z cihazlar\u0131n neredeyse hepsinde mevcuttur. M\u00fczik setimizin ses seviyesini de\u011fi\u015ftirmek i\u00e7in \u00e7evirdi\u011fimiz d\u00fc\u011fme bir potansiyometredir. En [&hellip;]<\/p>\n","protected":false},"author":1,"featured_media":0,"parent":0,"menu_order":0,"comment_status":"closed","ping_status":"closed","template":"","meta":{"footnotes":""},"class_list":["post-812","page","type-page","status-publish","hentry"],"_links":{"self":[{"href":"https:\/\/www.aydiner.gen.tr\/index.php\/wp-json\/wp\/v2\/pages\/812","targetHints":{"allow":["GET"]}}],"collection":[{"href":"https:\/\/www.aydiner.gen.tr\/index.php\/wp-json\/wp\/v2\/pages"}],"about":[{"href":"https:\/\/www.aydiner.gen.tr\/index.php\/wp-json\/wp\/v2\/types\/page"}],"author":[{"embeddable":true,"href":"https:\/\/www.aydiner.gen.tr\/index.php\/wp-json\/wp\/v2\/users\/1"}],"replies":[{"embeddable":true,"href":"https:\/\/www.aydiner.gen.tr\/index.php\/wp-json\/wp\/v2\/comments?post=812"}],"version-history":[{"count":0,"href":"https:\/\/www.aydiner.gen.tr\/index.php\/wp-json\/wp\/v2\/pages\/812\/revisions"}],"wp:attachment":[{"href":"https:\/\/www.aydiner.gen.tr\/index.php\/wp-json\/wp\/v2\/media?parent=812"}],"curies":[{"name":"wp","href":"https:\/\/api.w.org\/{rel}","templated":true}]}}