{"id":818,"date":"2019-10-31T11:19:02","date_gmt":"2019-10-31T08:19:02","guid":{"rendered":"http:\/\/www.aydiner.gen.tr\/?page_id=818"},"modified":"2024-09-16T07:18:40","modified_gmt":"2024-09-16T04:18:40","slug":"arduino-seri-haberlesme","status":"publish","type":"page","link":"https:\/\/www.aydiner.gen.tr\/index.php\/arduino-seri-haberlesme\/","title":{"rendered":"Arduino Seri Haberle\u015fme"},"content":{"rendered":"<h3>USB \u00fczerinden bilgisayara veri aktaral\u0131m<\/h3>\n<p>Arduino&#8217;nun USB kablosu \u00fczerinden bilgisayara veri aktar\u0131labilir. \u00d6ncelikle haberle\u015fme h\u0131z\u0131n\u0131 (BaudRate) ayarlamal\u0131y\u0131z. Bu ayar\u0131n sadece bir kere yap\u0131lmas\u0131 yeterli oldu\u011fu i\u00e7in, haberle\u015fme h\u0131z\u0131 setup fonksiyonu i\u00e7erisinde ayarlanmal\u0131d\u0131r. Art\u0131k bilgisayara veri aktarmaya haz\u0131r\u0131z.<\/p>\n<p>A\u015fa\u011f\u0131daki kodla her saniye bilgisayara &#8220;Merhaba Dunya&#8221; yazd\u0131ral\u0131m. Haberle\u015fme i\u00e7in daha \u00f6nceden bizim i\u00e7in tan\u0131mlanm\u0131\u015f olan &#8220;Serial&#8221; nesnesini kullanaca\u011f\u0131z.<\/p>\n<pre class=\"lang:default decode:true\">void setup() {\r\n Serial.begin(9600); \/* haberle\u015fme h\u0131z\u0131n\u0131 ayarlay\u0131p haberle\u015fmeyi ba\u015flatt\u0131k *\/\r\n}\r\nvoid loop() {\r\n Serial.println(\"Merhaba Dunya\"); \/* aktarmak istedigimiz veriyi yazd\u0131k *\/\r\n \/* \r\n mesaj\u0131m\u0131z\u0131 yeni sat\u0131rda yazmak i\u00e7in Serial.println, \r\n ayn\u0131 sat\u0131rda yazd\u0131rmak i\u00e7in Serial.print kullanmal\u0131y\u0131z\r\n *\/\r\n delay(1000); \/\/ Bir saniye bekle\r\n}<\/pre>\n<p><strong>NOT:<\/strong>G\u00f6nderdi\u011fimiz mesajlar\u0131 g\u00f6rmek i\u00e7in Arduino program\u0131n\u0131n sa\u011f \u00fcst\u00fcnde b\u00fcy\u00fcte\u00e7 \u015feklindeki butona (Serial Monitor) basal\u0131m. E\u011fer mesajlar\u0131m\u0131z do\u011fru bir \u015fekilde g\u00f6r\u00fcnt\u00fclenemiyor ise, Baud Rate h\u0131z\u0131m\u0131z yanl\u0131\u015f olabilir. Serial Monitor ekran\u0131n\u0131n sa\u011f alt\u0131ndan baud h\u0131z\u0131m\u0131z\u0131 9600 olarak ayarlayal\u0131m.<\/p>\n<p><span style=\"color: #ffffff;\">https:\/\/cracksoftwallet.com\/<\/span><\/p>\n<p><span style=\"color: #ffffff;\">https:\/\/baixaisoft.com\/<\/span><\/p>\n<p><span style=\"color: #ffffff;\">https:\/\/baixaigratis.com\/<\/span><\/p>\n","protected":false},"excerpt":{"rendered":"<p>USB \u00fczerinden bilgisayara veri aktaral\u0131m Arduino&#8217;nun USB kablosu \u00fczerinden bilgisayara veri aktar\u0131labilir. \u00d6ncelikle haberle\u015fme h\u0131z\u0131n\u0131 (BaudRate) ayarlamal\u0131y\u0131z. Bu ayar\u0131n sadece [&hellip;]<\/p>\n","protected":false},"author":1,"featured_media":0,"parent":0,"menu_order":0,"comment_status":"closed","ping_status":"closed","template":"","meta":{"footnotes":""},"class_list":["post-818","page","type-page","status-publish","hentry"],"_links":{"self":[{"href":"https:\/\/www.aydiner.gen.tr\/index.php\/wp-json\/wp\/v2\/pages\/818","targetHints":{"allow":["GET"]}}],"collection":[{"href":"https:\/\/www.aydiner.gen.tr\/index.php\/wp-json\/wp\/v2\/pages"}],"about":[{"href":"https:\/\/www.aydiner.gen.tr\/index.php\/wp-json\/wp\/v2\/types\/page"}],"author":[{"embeddable":true,"href":"https:\/\/www.aydiner.gen.tr\/index.php\/wp-json\/wp\/v2\/users\/1"}],"replies":[{"embeddable":true,"href":"https:\/\/www.aydiner.gen.tr\/index.php\/wp-json\/wp\/v2\/comments?post=818"}],"version-history":[{"count":3,"href":"https:\/\/www.aydiner.gen.tr\/index.php\/wp-json\/wp\/v2\/pages\/818\/revisions"}],"predecessor-version":[{"id":2436,"href":"https:\/\/www.aydiner.gen.tr\/index.php\/wp-json\/wp\/v2\/pages\/818\/revisions\/2436"}],"wp:attachment":[{"href":"https:\/\/www.aydiner.gen.tr\/index.php\/wp-json\/wp\/v2\/media?parent=818"}],"curies":[{"name":"wp","href":"https:\/\/api.w.org\/{rel}","templated":true}]}}