{"id":858,"date":"2019-11-27T16:16:26","date_gmt":"2019-11-27T13:16:26","guid":{"rendered":"http:\/\/www.aydiner.gen.tr\/?page_id=858"},"modified":"2019-11-27T16:16:26","modified_gmt":"2019-11-27T13:16:26","slug":"3d-model-indirebileceginiz-siteler","status":"publish","type":"page","link":"https:\/\/www.aydiner.gen.tr\/index.php\/3d-model-indirebileceginiz-siteler\/","title":{"rendered":"3D Model \u0130ndirebilece\u011finiz Siteler"},"content":{"rendered":"<p><a href=\"https:\/\/www.thingiverse.com\/\">https:\/\/www.thingiverse.com\/<\/a><\/p>\n<p><a href=\"https:\/\/www.youmagine.com\/\">https:\/\/www.youmagine.com\/<\/a><\/p>\n<p><a href=\"https:\/\/www.myminifactory.com\/\">https:\/\/www.myminifactory.com\/<\/a><\/p>\n<p><a href=\"https:\/\/pinshape.com\/\">https:\/\/pinshape.com\/<\/a><\/p>\n<p><a href=\"https:\/\/grabcad.com\/\">https:\/\/grabcad.com\/<\/a><\/p>\n<p><a href=\"https:\/\/cults3d.com\/\">https:\/\/cults3d.com\/<\/a><\/p>\n<p><a href=\"https:\/\/www.threeding.com\/\">https:\/\/www.threeding.com\/<\/a><\/p>\n<p><a href=\"https:\/\/www.cgtrader.com\/\">https:\/\/www.cgtrader.com\/<\/a><\/p>\n<p><a href=\"https:\/\/libre3d.com\/\">https:\/\/libre3d.com\/<\/a><\/p>\n<p><a href=\"https:\/\/www.3dprintmakers.com\/\">https:\/\/www.3dprintmakers.com\/<\/a><\/p>\n<p><a href=\"https:\/\/repables.com\/\">https:\/\/repables.com\/<\/a><\/p>\n<p><a href=\"https:\/\/www.microsoft.com\/tr-tr\/p\/3b-goruntuleyici\/9nblggh42ths?activetab=pivot:overviewtab\">3B G\u00f6r\u00fcnt\u00fcleyici program\u0131 y\u00fckle<\/a><\/p>\n","protected":false},"excerpt":{"rendered":"<p>https:\/\/www.thingiverse.com\/ https:\/\/www.youmagine.com\/ https:\/\/www.myminifactory.com\/ https:\/\/pinshape.com\/ https:\/\/grabcad.com\/ https:\/\/cults3d.com\/ https:\/\/www.threeding.com\/ https:\/\/www.cgtrader.com\/ https:\/\/libre3d.com\/ https:\/\/www.3dprintmakers.com\/ https:\/\/repables.com\/ 3B G\u00f6r\u00fcnt\u00fcleyici program\u0131 y\u00fckle<\/p>\n","protected":false},"author":1,"featured_media":0,"parent":0,"menu_order":0,"comment_status":"closed","ping_status":"closed","template":"","meta":{"footnotes":""},"class_list":["post-858","page","type-page","status-publish","hentry"],"_links":{"self":[{"href":"https:\/\/www.aydiner.gen.tr\/index.php\/wp-json\/wp\/v2\/pages\/858","targetHints":{"allow":["GET"]}}],"collection":[{"href":"https:\/\/www.aydiner.gen.tr\/index.php\/wp-json\/wp\/v2\/pages"}],"about":[{"href":"https:\/\/www.aydiner.gen.tr\/index.php\/wp-json\/wp\/v2\/types\/page"}],"author":[{"embeddable":true,"href":"https:\/\/www.aydiner.gen.tr\/index.php\/wp-json\/wp\/v2\/users\/1"}],"replies":[{"embeddable":true,"href":"https:\/\/www.aydiner.gen.tr\/index.php\/wp-json\/wp\/v2\/comments?post=858"}],"version-history":[{"count":0,"href":"https:\/\/www.aydiner.gen.tr\/index.php\/wp-json\/wp\/v2\/pages\/858\/revisions"}],"wp:attachment":[{"href":"https:\/\/www.aydiner.gen.tr\/index.php\/wp-json\/wp\/v2\/media?parent=858"}],"curies":[{"name":"wp","href":"https:\/\/api.w.org\/{rel}","templated":true}]}}