{"id":86,"date":"2018-12-11T20:32:34","date_gmt":"2018-12-11T17:32:34","guid":{"rendered":"http:\/\/www.aydiner.gen.tr\/index.php\/baglantilar\/"},"modified":"2021-01-01T22:41:50","modified_gmt":"2021-01-01T19:41:50","slug":"baglantilar","status":"publish","type":"page","link":"https:\/\/www.aydiner.gen.tr\/index.php\/baglantilar\/","title":{"rendered":"Ba\u011flant\u0131lar"},"content":{"rendered":"<p><script async=\"\" src=\"\/\/pagead2.googlesyndication.com\/pagead\/js\/adsbygoogle.js\"><\/script><br \/>\n<script>\n     (adsbygoogle = window.adsbygoogle || []).push({\n          google_ad_client: \"ca-pub-7817449591463214\",\n          enable_page_level_ads: true\n     });\n<\/script><br \/>\n<script>\n     (adsbygoogle = window.adsbygoogle || []).push({\n          google_ad_client: \"ca-pub-7817449591463214\",\n          enable_page_level_ads: true\n     });\n<\/script><\/p>\n<div class=\"art-content-layout\">\n<div class=\"art-content-layout-row\">\n<h3><a href=\"https:\/\/www.aydiner.gen.tr\/wp-content\/uploads\/2018\/12\/15325888-hands-holding-colorful-puzzle-pieces.jpg\"><img loading=\"lazy\" decoding=\"async\" class=\"size-thumbnail wp-image-271 alignnone\" src=\"https:\/\/www.aydiner.gen.tr\/wp-content\/uploads\/2018\/12\/15325888-hands-holding-colorful-puzzle-pieces-150x150.jpg\" alt=\"\" width=\"150\" height=\"150\" data-id=\"271\" srcset=\"https:\/\/www.aydiner.gen.tr\/wp-content\/uploads\/2018\/12\/15325888-hands-holding-colorful-puzzle-pieces-150x150.jpg 150w, https:\/\/www.aydiner.gen.tr\/wp-content\/uploads\/2018\/12\/15325888-hands-holding-colorful-puzzle-pieces-300x300.jpg 300w, https:\/\/www.aydiner.gen.tr\/wp-content\/uploads\/2018\/12\/15325888-hands-holding-colorful-puzzle-pieces-100x100.jpg 100w, https:\/\/www.aydiner.gen.tr\/wp-content\/uploads\/2018\/12\/15325888-hands-holding-colorful-puzzle-pieces-600x600.jpg 600w, https:\/\/www.aydiner.gen.tr\/wp-content\/uploads\/2018\/12\/15325888-hands-holding-colorful-puzzle-pieces-768x768.jpg 768w, https:\/\/www.aydiner.gen.tr\/wp-content\/uploads\/2018\/12\/15325888-hands-holding-colorful-puzzle-pieces-1024x1024.jpg 1024w, https:\/\/www.aydiner.gen.tr\/wp-content\/uploads\/2018\/12\/15325888-hands-holding-colorful-puzzle-pieces.jpg 1300w\" sizes=\"auto, (max-width: 150px) 100vw, 150px\" \/><\/a><\/h3>\n<ul>\n<li>\n<h3><a href=\"https:\/\/www.w3schools.com\/\">https:\/\/www.w3schools.com\/<\/a>-Web<\/h3>\n<\/li>\n<li>\n<h3><a href=\"http:\/\/lorempixel.com\/\">http:\/\/lorempixel.com\/<\/a>-Resim<\/h3>\n<\/li>\n<li>\n<h3><a href=\"https:\/\/tr.lipsum.com\/\">https:\/\/tr.lipsum.com\/<\/a>-Metin<\/h3>\n<\/li>\n<li>\n<h3><a href=\"https:\/\/www.freepik.com\/\">https:\/\/www.freepik.com\/<\/a>-Vekt\u00f6r<\/h3>\n<\/li>\n<li>\n<h3><a href=\"https:\/\/visualhunt.com\/\">https:\/\/visualhunt.com\/<\/a>-Resim<\/h3>\n<\/li>\n<li>\n<h3><a href=\"http:\/\/vectips.com\/\">http:\/\/vectips.com\/<\/a>&#8211; Vekt\u00f6rel \u00e7izimler , anlat\u0131mlar<\/h3>\n<\/li>\n<li><strong><span style=\"color: #ff6600;\"><a style=\"color: #ff6600;\" href=\"https:\/\/python-istihza.yazbel.com\/\">https:\/\/python-istihza.yazbel.com\/<\/a><\/span><\/strong> &#8211; Python Yaz\u0131l\u0131 Dok\u00fcman<\/li>\n<\/ul>\n<\/div>\n<\/div>\n","protected":false},"excerpt":{"rendered":"<p>https:\/\/www.w3schools.com\/-Web http:\/\/lorempixel.com\/-Resim https:\/\/tr.lipsum.com\/-Metin https:\/\/www.freepik.com\/-Vekt\u00f6r https:\/\/visualhunt.com\/-Resim http:\/\/vectips.com\/&#8211; Vekt\u00f6rel \u00e7izimler , anlat\u0131mlar https:\/\/python-istihza.yazbel.com\/ &#8211; Python Yaz\u0131l\u0131 Dok\u00fcman<\/p>\n","protected":false},"author":1,"featured_media":0,"parent":0,"menu_order":4,"comment_status":"closed","ping_status":"closed","template":"","meta":{"footnotes":""},"class_list":["post-86","page","type-page","status-publish","hentry"],"_links":{"self":[{"href":"https:\/\/www.aydiner.gen.tr\/index.php\/wp-json\/wp\/v2\/pages\/86","targetHints":{"allow":["GET"]}}],"collection":[{"href":"https:\/\/www.aydiner.gen.tr\/index.php\/wp-json\/wp\/v2\/pages"}],"about":[{"href":"https:\/\/www.aydiner.gen.tr\/index.php\/wp-json\/wp\/v2\/types\/page"}],"author":[{"embeddable":true,"href":"https:\/\/www.aydiner.gen.tr\/index.php\/wp-json\/wp\/v2\/users\/1"}],"replies":[{"embeddable":true,"href":"https:\/\/www.aydiner.gen.tr\/index.php\/wp-json\/wp\/v2\/comments?post=86"}],"version-history":[{"count":0,"href":"https:\/\/www.aydiner.gen.tr\/index.php\/wp-json\/wp\/v2\/pages\/86\/revisions"}],"wp:attachment":[{"href":"https:\/\/www.aydiner.gen.tr\/index.php\/wp-json\/wp\/v2\/media?parent=86"}],"curies":[{"name":"wp","href":"https:\/\/api.w.org\/{rel}","templated":true}]}}