{"id":861,"date":"2019-11-29T14:36:36","date_gmt":"2019-11-29T11:36:36","guid":{"rendered":"http:\/\/www.aydiner.gen.tr\/?page_id=861"},"modified":"2024-09-16T07:19:20","modified_gmt":"2024-09-16T04:19:20","slug":"3d-yazici-karsilasilan-problemler","status":"publish","type":"page","link":"https:\/\/www.aydiner.gen.tr\/index.php\/3d-yazici-karsilasilan-problemler\/","title":{"rendered":"3D Yaz\u0131c\u0131 Kar\u015f\u0131la\u015f\u0131lan Problemler"},"content":{"rendered":"<p><a href=\"https:\/\/www.simplify3d.com\/support\/print-quality-troubleshooting\/\">https:\/\/www.simplify3d.com\/support\/print-quality-troubleshooting\/<\/a><\/p>\n<p><a href=\"https:\/\/www.thingiverse.com\/thing:492067\">https:\/\/www.thingiverse.com\/thing:492067<\/a> &#8211; Tozlar\u0131 engellemek i\u00e7in y\u00f6ntem<\/p>\n<p><a href=\"https:\/\/rigid.ink\/pages\/ultimate-troubleshooting-guide\">https:\/\/rigid.ink\/pages\/ultimate-troubleshooting-guide<\/a><\/p>\n<blockquote class=\"wp-embedded-content\" data-secret=\"ecJbzBX291\"><p><a href=\"https:\/\/elektromanyetix.com\/3d-yazici\/3d-yazici-baski-kalitesi-sorun-giderme-kilavuzu\/\">3D Yaz\u0131c\u0131 Bask\u0131 Kalitesi Sorun Giderme K\u0131lavuzu<\/a><\/p><\/blockquote>\n<p><iframe loading=\"lazy\" class=\"wp-embedded-content\" sandbox=\"allow-scripts\" security=\"restricted\" style=\"position: absolute; visibility: hidden;\" title=\"&#8220;3D Yaz\u0131c\u0131 Bask\u0131 Kalitesi Sorun Giderme K\u0131lavuzu&#8221; &#8212; elektromanyetix\" src=\"https:\/\/elektromanyetix.com\/3d-yazici\/3d-yazici-baski-kalitesi-sorun-giderme-kilavuzu\/embed\/#?secret=e4YJIYxzYA#?secret=ecJbzBX291\" data-secret=\"ecJbzBX291\" width=\"500\" height=\"282\" frameborder=\"0\" marginwidth=\"0\" marginheight=\"0\" scrolling=\"no\"><\/iframe><\/p>\n<p><strong>nozzle :<\/strong> 0.4\u00a0 <strong>layer height :<\/strong> 0.2\u00a0 katman y\u00fcksekli\u011fi<\/p>\n<p><span style=\"color: #ffffff;\">https:\/\/baixarsofthub.com\/<\/span><\/p>\n<p>&nbsp;<\/p>\n<p>&nbsp;<\/p>\n","protected":false},"excerpt":{"rendered":"<p>https:\/\/www.simplify3d.com\/support\/print-quality-troubleshooting\/ https:\/\/www.thingiverse.com\/thing:492067 &#8211; Tozlar\u0131 engellemek i\u00e7in y\u00f6ntem https:\/\/rigid.ink\/pages\/ultimate-troubleshooting-guide 3D Yaz\u0131c\u0131 Bask\u0131 Kalitesi Sorun Giderme K\u0131lavuzu nozzle : 0.4\u00a0 layer height [&hellip;]<\/p>\n","protected":false},"author":1,"featured_media":0,"parent":0,"menu_order":0,"comment_status":"closed","ping_status":"closed","template":"","meta":{"footnotes":""},"class_list":["post-861","page","type-page","status-publish","hentry"],"_links":{"self":[{"href":"https:\/\/www.aydiner.gen.tr\/index.php\/wp-json\/wp\/v2\/pages\/861","targetHints":{"allow":["GET"]}}],"collection":[{"href":"https:\/\/www.aydiner.gen.tr\/index.php\/wp-json\/wp\/v2\/pages"}],"about":[{"href":"https:\/\/www.aydiner.gen.tr\/index.php\/wp-json\/wp\/v2\/types\/page"}],"author":[{"embeddable":true,"href":"https:\/\/www.aydiner.gen.tr\/index.php\/wp-json\/wp\/v2\/users\/1"}],"replies":[{"embeddable":true,"href":"https:\/\/www.aydiner.gen.tr\/index.php\/wp-json\/wp\/v2\/comments?post=861"}],"version-history":[{"count":1,"href":"https:\/\/www.aydiner.gen.tr\/index.php\/wp-json\/wp\/v2\/pages\/861\/revisions"}],"predecessor-version":[{"id":2437,"href":"https:\/\/www.aydiner.gen.tr\/index.php\/wp-json\/wp\/v2\/pages\/861\/revisions\/2437"}],"wp:attachment":[{"href":"https:\/\/www.aydiner.gen.tr\/index.php\/wp-json\/wp\/v2\/media?parent=861"}],"curies":[{"name":"wp","href":"https:\/\/api.w.org\/{rel}","templated":true}]}}