{"id":875,"date":"2019-12-07T18:20:00","date_gmt":"2019-12-07T15:20:00","guid":{"rendered":"http:\/\/www.aydiner.gen.tr\/?page_id=875"},"modified":"2024-09-16T07:18:11","modified_gmt":"2024-09-16T04:18:11","slug":"arduino-trafik-lambasi","status":"publish","type":"page","link":"https:\/\/www.aydiner.gen.tr\/index.php\/arduino-trafik-lambasi\/","title":{"rendered":"Arduino Trafik Lambas\u0131"},"content":{"rendered":"<p><a href=\"https:\/\/www.aydiner.gen.tr\/wp-content\/uploads\/2019\/12\/trafik.png\"><img loading=\"lazy\" decoding=\"async\" class=\"alignleft size-thumbnail wp-image-876\" src=\"https:\/\/www.aydiner.gen.tr\/wp-content\/uploads\/2019\/12\/trafik-150x150.png\" alt=\"\" width=\"150\" height=\"150\" srcset=\"https:\/\/www.aydiner.gen.tr\/wp-content\/uploads\/2019\/12\/trafik-150x150.png 150w, https:\/\/www.aydiner.gen.tr\/wp-content\/uploads\/2019\/12\/trafik-300x300.png 300w, https:\/\/www.aydiner.gen.tr\/wp-content\/uploads\/2019\/12\/trafik-100x100.png 100w\" sizes=\"auto, (max-width: 150px) 100vw, 150px\" \/><\/a><\/p>\n<p>Uygulamam\u0131zda 2 Adet Trafik lambas\u0131 bulunmaktad\u0131r<\/p>\n<p>&nbsp;<\/p>\n<p>&nbsp;<\/p>\n<p>&nbsp;<\/p>\n<p>&nbsp;<\/p>\n<pre class=\"lang:default decode:true \">\/\/Trafik I\u015f\u0131klar\u0131\r\n\/\/ 1.I\u015f\u0131k 13 Nolu Pin K\u0131rm\u0131z\u0131, 12 Nolu Pin Sar\u0131, 11 Nolu Pin Ye\u015fil\r\n\/\/ 2.I\u015f\u0131k 17 Nolu Pin K\u0131rm\u0131z\u0131, 6 Nolu Pin Sar\u0131, 5 Nolu Pin Ye\u015fil\r\n\/\/\/ Uygulamada 1.I\u015f\u0131kta K\u0131rm\u0131z\u0131 10 Sn, 2.I\u015f\u0131kta K\u0131rm\u0131z\u0131 5 Sn\r\nvoid setup() {\r\n \r\n  pinMode(13, OUTPUT);\r\n  pinMode(12, OUTPUT);\r\n  pinMode(11, OUTPUT);\r\n pinMode(7, OUTPUT);\r\n  pinMode(6, OUTPUT);\r\n  pinMode(5, OUTPUT);\r\n\r\n\r\n\r\n  \r\n}\r\n\r\nvoid loop() {\r\n  \r\n \r\n  digitalWrite(13, HIGH);\r\ndigitalWrite(5, HIGH);\r\n \r\n  delay(10000);                    \r\n\r\n  digitalWrite(13, LOW);\r\n  digitalWrite(5, LOW);\r\n   digitalWrite(12, HIGH);\r\n   digitalWrite(6, HIGH);\r\n   \r\n   delay(1000);\r\n \r\ndigitalWrite(12, LOW);\r\ndigitalWrite(6, LOW);\r\ndigitalWrite(5, LOW);\r\ndigitalWrite(11, HIGH);\r\ndigitalWrite(7, HIGH);\r\n\r\n   delay(5000); \r\n   digitalWrite(7, LOW);\r\ndigitalWrite(11, LOW);\r\ndigitalWrite(12, HIGH);\r\ndigitalWrite(6, HIGH);\r\ndelay(1000);\r\n   \r\ndigitalWrite(12, LOW);\r\ndigitalWrite(6, LOW);<\/pre>\n<p><span style=\"color: #ffffff;\">https:\/\/cracksoftwallet.com\/<\/span><\/p>\n","protected":false},"excerpt":{"rendered":"<p>Uygulamam\u0131zda 2 Adet Trafik lambas\u0131 bulunmaktad\u0131r &nbsp; &nbsp; &nbsp; &nbsp; \/\/Trafik I\u015f\u0131klar\u0131 \/\/ 1.I\u015f\u0131k 13 Nolu Pin K\u0131rm\u0131z\u0131, 12 Nolu [&hellip;]<\/p>\n","protected":false},"author":1,"featured_media":0,"parent":0,"menu_order":0,"comment_status":"closed","ping_status":"closed","template":"","meta":{"footnotes":""},"class_list":["post-875","page","type-page","status-publish","hentry"],"_links":{"self":[{"href":"https:\/\/www.aydiner.gen.tr\/index.php\/wp-json\/wp\/v2\/pages\/875","targetHints":{"allow":["GET"]}}],"collection":[{"href":"https:\/\/www.aydiner.gen.tr\/index.php\/wp-json\/wp\/v2\/pages"}],"about":[{"href":"https:\/\/www.aydiner.gen.tr\/index.php\/wp-json\/wp\/v2\/types\/page"}],"author":[{"embeddable":true,"href":"https:\/\/www.aydiner.gen.tr\/index.php\/wp-json\/wp\/v2\/users\/1"}],"replies":[{"embeddable":true,"href":"https:\/\/www.aydiner.gen.tr\/index.php\/wp-json\/wp\/v2\/comments?post=875"}],"version-history":[{"count":2,"href":"https:\/\/www.aydiner.gen.tr\/index.php\/wp-json\/wp\/v2\/pages\/875\/revisions"}],"predecessor-version":[{"id":2434,"href":"https:\/\/www.aydiner.gen.tr\/index.php\/wp-json\/wp\/v2\/pages\/875\/revisions\/2434"}],"wp:attachment":[{"href":"https:\/\/www.aydiner.gen.tr\/index.php\/wp-json\/wp\/v2\/media?parent=875"}],"curies":[{"name":"wp","href":"https:\/\/api.w.org\/{rel}","templated":true}]}}