{"id":880,"date":"2019-12-09T12:56:34","date_gmt":"2019-12-09T09:56:34","guid":{"rendered":"http:\/\/www.aydiner.gen.tr\/?page_id=880"},"modified":"2023-09-30T23:16:49","modified_gmt":"2023-09-30T20:16:49","slug":"cok-seveceginiz-birbirinden-farkli-web-siteleri","status":"publish","type":"page","link":"https:\/\/www.aydiner.gen.tr\/index.php\/cok-seveceginiz-birbirinden-farkli-web-siteleri\/","title":{"rendered":"\u00c7ok sevece\u011finiz birbirinden farkl\u0131 web siteleri"},"content":{"rendered":"<p><a href=\"https:\/\/mynoise.net\/\">https:\/\/mynoise.net\/- <\/a><a href=\"https:\/\/mynoise.net\/\"><img loading=\"lazy\" decoding=\"async\" class=\"alignleft wp-image-890 size-medium\" src=\"https:\/\/www.aydiner.gen.tr\/wp-content\/uploads\/2019\/12\/best-websites-300x273.jpg\" alt=\"\" width=\"300\" height=\"273\" border=\"2px\" srcset=\"https:\/\/www.aydiner.gen.tr\/wp-content\/uploads\/2019\/12\/best-websites-300x273.jpg 300w, https:\/\/www.aydiner.gen.tr\/wp-content\/uploads\/2019\/12\/best-websites-600x547.jpg 600w, https:\/\/www.aydiner.gen.tr\/wp-content\/uploads\/2019\/12\/best-websites-768x700.jpg 768w, https:\/\/www.aydiner.gen.tr\/wp-content\/uploads\/2019\/12\/best-websites-1024x933.jpg 1024w, https:\/\/www.aydiner.gen.tr\/wp-content\/uploads\/2019\/12\/best-websites.jpg 1500w\" sizes=\"auto, (max-width: 300px) 100vw, 300px\" \/><\/a>Sizi seslerde farkl\u0131 ortamlara g\u00f6t\u00fcrecek.<\/p>\n<p><a href=\"https:\/\/www.pointerpointer.com\/\">https:\/\/www.pointerpointer.com\/<\/a> &#8211; Farenizi g\u00f6t\u00fcrd\u00fc\u011f\u00fcn\u00fcz yere g\u00f6re \u00e7\u0131kan abs\u00fcrt resimler:)<\/p>\n<p><a href=\"https:\/\/www.draw.io\/\">https:\/\/www.draw.io\/<\/a> &#8211; Diyagram \u00c7izimi yapabilece\u011finiz web sitesi<\/p>\n<p><a href=\"https:\/\/wetransfer.com\/\">https:\/\/wetransfer.com\/<\/a> &#8211; B\u00fcy\u00fck Boyutlu dosyalar\u0131n\u0131z\u0131 1 hafta s\u00fcre ile payla\u015f\u0131m yapabilece\u011finiz \u00e7ok kullan\u0131\u015fl\u0131, \u00fccretsiz web stesi<\/p>\n<p><a href=\"https:\/\/radio.garden\/\">https:\/\/radio.garden\/\u00a0<\/a> &#8211; Farkl\u0131 \u00fclke radyolar\u0131<\/p>\n<p><a href=\"https:\/\/www.gutenberg.org\/\">https:\/\/www.gutenberg.org\/<\/a> &#8211; Kamu mal\u0131 olmu\u015f kitaplar ( yazar\u0131n\u0131n \u00f6l\u00fcm\u00fcnden sonra 70 y\u0131l ge\u00e7mesi gerekiyormu\u015f:) )\u00a0 \u00dccretsiz elektronik kitap<\/p>\n<p><a href=\"https:\/\/librivox.org\/\">https:\/\/librivox.org\/<\/a> &#8211; \u00dccretsiz sesli kitap servisi ( T\u00fcrk\u00e7e kitap \u00e7ok az. )<\/p>\n<p><a href=\"https:\/\/www.cambly.com\/\">https:\/\/www.cambly.com\/<\/a> &#8211; \u0130ngilizce konu\u015fman\u0131z\u0131 geli\u015ftirmek i\u00e7in kulanabilece\u011finiz web sitesi<\/p>\n<p><a href=\"https:\/\/freerice.com\/\">https:\/\/freerice.com\/<\/a> &#8211; \u0130ngilizce pratik yaparken hay\u0131r i\u015fleyin kelime da\u011farc\u0131\u011f\u0131n\u0131z\u0131 geni\u015fletebilece\u011finiz bir web sitesi<\/p>\n<p><a href=\"https:\/\/outline.com\/\">outline.com<\/a> &#8211; Okumak istedi\u011finiz makalenin as\u0131l k\u0131sm\u0131n\u0131 kar\u015f\u0131n\u0131za getiriyor. Bu sayede kenarlardaki reklamlar\u0131n dikkatinizi da\u011f\u0131tmas\u0131ndan kurtuluyorsunuz.<\/p>\n<p><a href=\"https:\/\/www.thistothat.com\/index.shtml\">https:\/\/www.thistothat.com\/index.shtml<\/a> &#8211; \u0130ki maddeyi birbirine nas\u0131l yap\u0131\u015ft\u0131raca\u011f\u0131n\u0131z\u0131 anlatan web sitesi<\/p>\n<p><a href=\"https:\/\/www.howmanypeopleareinspacerightnow.com\/\">https:\/\/www.howmanypeopleareinspacerightnow.com\/<\/a> &#8211; \u015eu an uzayda ka\u00e7 ki\u015fi oldu\u011funu s\u00f6yleyen web sitesi<\/p>\n<p><a href=\"https:\/\/haveibeenpwned.com\/\">https:\/\/haveibeenpwned.com\/<\/a> &#8211; Hi\u00e7 hacklendim mi acaba diye d\u00fc\u015f\u00fcn\u00fcyorsan\u0131z bu sitede cevab\u0131 var.<\/p>\n<p><a href=\"https:\/\/temp-mail.org\/\">https:\/\/temp-mail.org\/<\/a> &#8211; Ge\u00e7ici e-posta olu\u015fturma. \u00d6ylesine \u00fcye oldu\u011funuz bir yere her zaman kulland\u0131\u011f\u0131n\u0131z mail adresini vermek istemiyorsan\u0131z en g\u00fczel \u00e7\u00f6z\u00fcm.<\/p>\n<p><a href=\"https:\/\/geoguessr.com\/\">https:\/\/geoguessr.com\/<\/a> &#8211; Co\u011frafya oyunu ( Sistem sizi d\u00fcnyan\u0131n herhangi bir yerine b\u0131rak\u0131yor ve siz nerede oldu\u011funuzu tahmin etmeye \u00e7al\u0131\u015f\u0131yorsunuz.)<\/p>\n<p>&nbsp;<\/p>\n<p>&nbsp;<\/p>\n<p>\u00d6\u011frencilere \u00f6rnek vermek amac\u0131yla bar\u0131\u015f \u00f6zcan videosundan esinlenilmi\u015ftir.<\/p>\n","protected":false},"excerpt":{"rendered":"<p>https:\/\/mynoise.net\/- Sizi seslerde farkl\u0131 ortamlara g\u00f6t\u00fcrecek. https:\/\/www.pointerpointer.com\/ &#8211; Farenizi g\u00f6t\u00fcrd\u00fc\u011f\u00fcn\u00fcz yere g\u00f6re \u00e7\u0131kan abs\u00fcrt resimler:) https:\/\/www.draw.io\/ &#8211; Diyagram \u00c7izimi yapabilece\u011finiz [&hellip;]<\/p>\n","protected":false},"author":1,"featured_media":0,"parent":0,"menu_order":0,"comment_status":"closed","ping_status":"closed","template":"","meta":{"footnotes":""},"class_list":["post-880","page","type-page","status-publish","hentry"],"_links":{"self":[{"href":"https:\/\/www.aydiner.gen.tr\/index.php\/wp-json\/wp\/v2\/pages\/880","targetHints":{"allow":["GET"]}}],"collection":[{"href":"https:\/\/www.aydiner.gen.tr\/index.php\/wp-json\/wp\/v2\/pages"}],"about":[{"href":"https:\/\/www.aydiner.gen.tr\/index.php\/wp-json\/wp\/v2\/types\/page"}],"author":[{"embeddable":true,"href":"https:\/\/www.aydiner.gen.tr\/index.php\/wp-json\/wp\/v2\/users\/1"}],"replies":[{"embeddable":true,"href":"https:\/\/www.aydiner.gen.tr\/index.php\/wp-json\/wp\/v2\/comments?post=880"}],"version-history":[{"count":1,"href":"https:\/\/www.aydiner.gen.tr\/index.php\/wp-json\/wp\/v2\/pages\/880\/revisions"}],"predecessor-version":[{"id":2284,"href":"https:\/\/www.aydiner.gen.tr\/index.php\/wp-json\/wp\/v2\/pages\/880\/revisions\/2284"}],"wp:attachment":[{"href":"https:\/\/www.aydiner.gen.tr\/index.php\/wp-json\/wp\/v2\/media?parent=880"}],"curies":[{"name":"wp","href":"https:\/\/api.w.org\/{rel}","templated":true}]}}